{"id":87,"date":"2011-04-04T09:00:11","date_gmt":"2011-04-04T09:00:11","guid":{"rendered":"http:\/\/xn--werderaner-frchtchen-1ec.de\/wordpress\/?page_id=87"},"modified":"2021-01-06T19:21:50","modified_gmt":"2021-01-06T19:21:50","slug":"tipis","status":"publish","type":"page","link":"https:\/\/werderaner-fruechtchen.de\/?page_id=87","title":{"rendered":"Indianertipi (2011)"},"content":{"rendered":"<p>&nbsp;<\/p>\n<div class=\"mceTemp\" style=\"text-align: justify;\">\n<dl id=\"attachment_991\" class=\"wp-caption alignleft\" style=\"width: 208px;\">\n<dt class=\"wp-caption-dt\"><a href=\"http:\/\/xn--werderaner-frchtchen-1ec.de\/wp-content\/uploads\/2011\/04\/tipis.jpg\"><img loading=\"lazy\" decoding=\"async\" class=\"size-medium wp-image-991 \" title=\"Indianertipis\" src=\"http:\/\/xn--werderaner-frchtchen-1ec.de\/wp-content\/uploads\/2011\/04\/tipis-198x300.jpg\" alt=\"Indianertipis\" width=\"198\" height=\"300\" srcset=\"https:\/\/werderaner-fruechtchen.de\/wp-content\/uploads\/2011\/04\/tipis-198x300.jpg 198w, https:\/\/werderaner-fruechtchen.de\/wp-content\/uploads\/2011\/04\/tipis-677x1024.jpg 677w, https:\/\/werderaner-fruechtchen.de\/wp-content\/uploads\/2011\/04\/tipis.jpg 768w\" sizes=\"auto, (max-width: 198px) 100vw, 198px\" \/><\/a><\/dt>\n<dd class=\"wp-caption-dd\">Indianertipi<\/dd>\n<\/dl>\n<\/div>\n<p style=\"text-align: justify;\">Das Indianertipi wurde 2011 mit Hilfe des F\u00f6rdervereins gebaut.<\/p>\n<p style=\"text-align: justify;\">2012 erhielt es dann noch durch einen ortsans\u00e4ssigen Grafiker eine Versch\u00f6nerung mit einem Indianermotiv.<\/p>\n<p style=\"text-align: justify;\">Unsere Kinder lieben&nbsp;ihr Indianerzelt, welches auf dem Spielplatz von Haus 1 bewundert werden kann! Vielen Dank allen Unterst\u00fctzern des Projekts und vielen Dank besonders an Frau Richter-Mendau f\u00fcr ihr Engagement um&nbsp;dessen Fertigstellung!<\/p>\n","protected":false},"excerpt":{"rendered":"<p>&nbsp; Indianertipi Das Indianertipi wurde 2011 mit Hilfe des F\u00f6rdervereins gebaut. 2012 erhielt es dann noch durch einen ortsans\u00e4ssigen Grafiker eine Versch\u00f6nerung mit einem Indianermotiv. Unsere Kinder lieben&nbsp;ihr Indianerzelt, welches auf dem Spielplatz von Haus 1 bewundert werden kann! Vielen Dank allen Unterst\u00fctzern des Projekts und vielen Dank besonders an Frau Richter-Mendau f\u00fcr ihr Engagement [&hellip;]<\/p>\n","protected":false},"author":1,"featured_media":0,"parent":18,"menu_order":3,"comment_status":"closed","ping_status":"closed","template":"","meta":{"footnotes":""},"class_list":["post-87","page","type-page","status-publish","hentry"],"_links":{"self":[{"href":"https:\/\/werderaner-fruechtchen.de\/index.php?rest_route=\/wp\/v2\/pages\/87","targetHints":{"allow":["GET"]}}],"collection":[{"href":"https:\/\/werderaner-fruechtchen.de\/index.php?rest_route=\/wp\/v2\/pages"}],"about":[{"href":"https:\/\/werderaner-fruechtchen.de\/index.php?rest_route=\/wp\/v2\/types\/page"}],"author":[{"embeddable":true,"href":"https:\/\/werderaner-fruechtchen.de\/index.php?rest_route=\/wp\/v2\/users\/1"}],"replies":[{"embeddable":true,"href":"https:\/\/werderaner-fruechtchen.de\/index.php?rest_route=%2Fwp%2Fv2%2Fcomments&post=87"}],"version-history":[{"count":13,"href":"https:\/\/werderaner-fruechtchen.de\/index.php?rest_route=\/wp\/v2\/pages\/87\/revisions"}],"predecessor-version":[{"id":3019,"href":"https:\/\/werderaner-fruechtchen.de\/index.php?rest_route=\/wp\/v2\/pages\/87\/revisions\/3019"}],"up":[{"embeddable":true,"href":"https:\/\/werderaner-fruechtchen.de\/index.php?rest_route=\/wp\/v2\/pages\/18"}],"wp:attachment":[{"href":"https:\/\/werderaner-fruechtchen.de\/index.php?rest_route=%2Fwp%2Fv2%2Fmedia&parent=87"}],"curies":[{"name":"wp","href":"https:\/\/api.w.org\/{rel}","templated":true}]}}