{"id":85,"date":"2011-04-04T10:00:41","date_gmt":"2011-04-04T10:00:41","guid":{"rendered":"http:\/\/xn--werderaner-frchtchen-1ec.de\/wordpress\/?page_id=85"},"modified":"2021-01-06T19:22:18","modified_gmt":"2021-01-06T19:22:18","slug":"insektenhotel","status":"publish","type":"page","link":"https:\/\/werderaner-fruechtchen.de\/?page_id=85","title":{"rendered":"Insektenhotel (2011)"},"content":{"rendered":"<figure id=\"attachment_998\" aria-describedby=\"caption-attachment-998\" style=\"width: 300px\" class=\"wp-caption alignleft\"><a href=\"http:\/\/xn--werderaner-frchtchen-1ec.de\/wp-content\/uploads\/2011\/04\/insekt_hotel.jpg\"><img loading=\"lazy\" decoding=\"async\" class=\"size-medium wp-image-998 \" title=\"Insektenhotel\" alt=\"Insektenhotel\" src=\"http:\/\/xn--werderaner-frchtchen-1ec.de\/wp-content\/uploads\/2011\/04\/insekt_hotel-300x198.jpg\" width=\"300\" height=\"198\" srcset=\"https:\/\/werderaner-fruechtchen.de\/wp-content\/uploads\/2011\/04\/insekt_hotel-300x198.jpg 300w, https:\/\/werderaner-fruechtchen.de\/wp-content\/uploads\/2011\/04\/insekt_hotel-1024x677.jpg 1024w, https:\/\/werderaner-fruechtchen.de\/wp-content\/uploads\/2011\/04\/insekt_hotel.jpg 1160w\" sizes=\"auto, (max-width: 300px) 100vw, 300px\" \/><\/a><figcaption id=\"caption-attachment-998\" class=\"wp-caption-text\">Insektenhotel<\/figcaption><\/figure>\n<p style=\"text-align: justify;\">Das Insektenhotel ist fertig gestellt. Vielen Dank an den Vater von Yannis, Herrn Marcel Dittrich.<\/p>\n<p style=\"text-align: justify;\">Am 29.09. 2011 stellte unser Hausmeister das Hotel auf.<\/p>\n<p style=\"text-align: justify;\">Nun d\u00fcrfen die neuen Bewohner einziehen. Unsere Kinder haben die Zimmer bereits &#8222;gem\u00fctlich&#8220; eingerichtet. Wir freuen uns die &#8222;Hotelg\u00e4ste&#8220; beobachten zu k\u00f6nnen.<\/p>\n<p>&nbsp;<\/p>\n","protected":false},"excerpt":{"rendered":"<p>Das Insektenhotel ist fertig gestellt. Vielen Dank an den Vater von Yannis, Herrn Marcel Dittrich. Am 29.09. 2011 stellte unser Hausmeister das Hotel auf. Nun d\u00fcrfen die neuen Bewohner einziehen. Unsere Kinder haben die Zimmer bereits &#8222;gem\u00fctlich&#8220; eingerichtet. Wir freuen uns die &#8222;Hotelg\u00e4ste&#8220; beobachten zu k\u00f6nnen. &nbsp;<\/p>\n","protected":false},"author":1,"featured_media":0,"parent":18,"menu_order":4,"comment_status":"open","ping_status":"open","template":"","meta":{"footnotes":""},"class_list":["post-85","page","type-page","status-publish","hentry"],"_links":{"self":[{"href":"https:\/\/werderaner-fruechtchen.de\/index.php?rest_route=\/wp\/v2\/pages\/85","targetHints":{"allow":["GET"]}}],"collection":[{"href":"https:\/\/werderaner-fruechtchen.de\/index.php?rest_route=\/wp\/v2\/pages"}],"about":[{"href":"https:\/\/werderaner-fruechtchen.de\/index.php?rest_route=\/wp\/v2\/types\/page"}],"author":[{"embeddable":true,"href":"https:\/\/werderaner-fruechtchen.de\/index.php?rest_route=\/wp\/v2\/users\/1"}],"replies":[{"embeddable":true,"href":"https:\/\/werderaner-fruechtchen.de\/index.php?rest_route=%2Fwp%2Fv2%2Fcomments&post=85"}],"version-history":[{"count":13,"href":"https:\/\/werderaner-fruechtchen.de\/index.php?rest_route=\/wp\/v2\/pages\/85\/revisions"}],"predecessor-version":[{"id":3020,"href":"https:\/\/werderaner-fruechtchen.de\/index.php?rest_route=\/wp\/v2\/pages\/85\/revisions\/3020"}],"up":[{"embeddable":true,"href":"https:\/\/werderaner-fruechtchen.de\/index.php?rest_route=\/wp\/v2\/pages\/18"}],"wp:attachment":[{"href":"https:\/\/werderaner-fruechtchen.de\/index.php?rest_route=%2Fwp%2Fv2%2Fmedia&parent=85"}],"curies":[{"name":"wp","href":"https:\/\/api.w.org\/{rel}","templated":true}]}}