{"id":840,"date":"2012-05-01T15:02:48","date_gmt":"2012-05-01T15:02:48","guid":{"rendered":"http:\/\/xn--werderaner-frchtchen-1ec.de\/?page_id=840"},"modified":"2025-07-04T08:26:55","modified_gmt":"2025-07-04T06:26:55","slug":"unsere-sponsoren","status":"publish","type":"page","link":"https:\/\/werderaner-fruechtchen.de\/?page_id=840","title":{"rendered":"Spenden und Sponsoring"},"content":{"rendered":"<p>Als Verein sind wir neben den Mitgliedsbeitr\u00e4gen nat\u00fcrlich auch f\u00fcr gr\u00f6\u00dfere Projekte auf Spenden angewiesen.<\/p>\n<ul>\n<li>Kennen Sie jemanden, der z. B. als Gewerbetreibender Gutes tun will?<\/li>\n<li>Haben Sie vielleicht Ideen, auf die wir noch nicht gekommen sind?<\/li>\n<\/ul>\n<p>Setzen Sie sich doch einfach mit uns direkt per Mail an <a href=\"mailto:info@werderaner-fruechtchen.de\" target=\"_blank\" rel=\"noopener\">info@werderaner-fruechtchen.de<\/a> in Verbindung.<\/p>\n<p style=\"text-align: justify;\">Falls Sie einfach spenden m\u00f6chten:<\/p>\n<p><strong>Unseren Spendenantrag<\/strong><strong>\u00a0finden Sie\u00a0<a href=\"https:\/\/werderaner-fruechtchen.de\/wp-content\/uploads\/2025\/07\/2025-Spendenantrag-Foerderverein-Werderaner-Fruechtchen.pdf\" target=\"_blank\" rel=\"noopener\">hier \u2026<\/a><\/strong><\/p>\n<p style=\"text-align: left;\"><strong><a href=\"http:\/\/xn--werderaner-frchtchen-1ec.de\/wp-content\/uploads\/2020\/02\/cropped-favicon-logo-2020.png\"><img loading=\"lazy\" decoding=\"async\" class=\"alignleft wp-image-2708 size-thumbnail\" src=\"http:\/\/xn--werderaner-frchtchen-1ec.de\/wp-content\/uploads\/2020\/02\/cropped-favicon-logo-2020-150x150.png\" alt=\"\" width=\"150\" height=\"150\" srcset=\"https:\/\/werderaner-fruechtchen.de\/wp-content\/uploads\/2020\/02\/cropped-favicon-logo-2020-150x150.png 150w, https:\/\/werderaner-fruechtchen.de\/wp-content\/uploads\/2020\/02\/cropped-favicon-logo-2020-300x300.png 300w, https:\/\/werderaner-fruechtchen.de\/wp-content\/uploads\/2020\/02\/cropped-favicon-logo-2020-270x270.png 270w, https:\/\/werderaner-fruechtchen.de\/wp-content\/uploads\/2020\/02\/cropped-favicon-logo-2020-192x192.png 192w, https:\/\/werderaner-fruechtchen.de\/wp-content\/uploads\/2020\/02\/cropped-favicon-logo-2020-180x180.png 180w, https:\/\/werderaner-fruechtchen.de\/wp-content\/uploads\/2020\/02\/cropped-favicon-logo-2020-32x32.png 32w, https:\/\/werderaner-fruechtchen.de\/wp-content\/uploads\/2020\/02\/cropped-favicon-logo-2020.png 512w\" sizes=\"auto, (max-width: 150px) 100vw, 150px\" \/><\/a>Spendenkonto:<\/strong><br \/>\nF\u00f6rderverein der Kita Werderaner Fr\u00fcchtchen e. V.<br \/>\nMittelbrandenburgische Sparkasse<br \/>\nBIC: WELADED1PMB<br \/>\nIBAN: DE 18 16050000 3528021860<\/p>\n<p style=\"text-align: left;\">Wir stellen Ihnen gerne eine Spendenquittung aus.<\/p>\n","protected":false},"excerpt":{"rendered":"<p>Als Verein sind wir neben den Mitgliedsbeitr\u00e4gen nat\u00fcrlich auch f\u00fcr gr\u00f6\u00dfere Projekte auf Spenden angewiesen. Kennen Sie jemanden, der z. B. als Gewerbetreibender Gutes tun will? Haben Sie vielleicht Ideen, auf die wir noch nicht gekommen sind? Setzen Sie sich doch einfach mit uns direkt per Mail an info@werderaner-fruechtchen.de in Verbindung. Falls Sie einfach spenden [&hellip;]<\/p>\n","protected":false},"author":1,"featured_media":0,"parent":6,"menu_order":0,"comment_status":"closed","ping_status":"closed","template":"","meta":{"footnotes":""},"class_list":["post-840","page","type-page","status-publish","hentry"],"_links":{"self":[{"href":"https:\/\/werderaner-fruechtchen.de\/index.php?rest_route=\/wp\/v2\/pages\/840","targetHints":{"allow":["GET"]}}],"collection":[{"href":"https:\/\/werderaner-fruechtchen.de\/index.php?rest_route=\/wp\/v2\/pages"}],"about":[{"href":"https:\/\/werderaner-fruechtchen.de\/index.php?rest_route=\/wp\/v2\/types\/page"}],"author":[{"embeddable":true,"href":"https:\/\/werderaner-fruechtchen.de\/index.php?rest_route=\/wp\/v2\/users\/1"}],"replies":[{"embeddable":true,"href":"https:\/\/werderaner-fruechtchen.de\/index.php?rest_route=%2Fwp%2Fv2%2Fcomments&post=840"}],"version-history":[{"count":40,"href":"https:\/\/werderaner-fruechtchen.de\/index.php?rest_route=\/wp\/v2\/pages\/840\/revisions"}],"predecessor-version":[{"id":4101,"href":"https:\/\/werderaner-fruechtchen.de\/index.php?rest_route=\/wp\/v2\/pages\/840\/revisions\/4101"}],"up":[{"embeddable":true,"href":"https:\/\/werderaner-fruechtchen.de\/index.php?rest_route=\/wp\/v2\/pages\/6"}],"wp:attachment":[{"href":"https:\/\/werderaner-fruechtchen.de\/index.php?rest_route=%2Fwp%2Fv2%2Fmedia&parent=840"}],"curies":[{"name":"wp","href":"https:\/\/api.w.org\/{rel}","templated":true}]}}