{"id":6,"date":"2011-04-03T12:00:32","date_gmt":"2011-04-03T12:00:32","guid":{"rendered":"http:\/\/xn--werderaner-frchtchen-1ec.de\/wordpress\/?page_id=6"},"modified":"2025-04-07T18:58:54","modified_gmt":"2025-04-07T18:58:54","slug":"forderverein","status":"publish","type":"page","link":"https:\/\/werderaner-fruechtchen.de\/?page_id=6","title":{"rendered":"Unser Verein"},"content":{"rendered":"<p><strong>Wir wollen Projekte der Kita schnell und unb\u00fcrokratisch unterst\u00fctzen. So kann die Kita zum Wohle unserer Kinder Ziele erreichen, f\u00fcr die von Tr\u00e4gerseite kein Geld zur Verf\u00fcgung gestellt wird. <\/strong><\/p>\n<p><strong>Das k\u00f6nnen zum Beispiel die Gestaltung eines Bolzplatzes, die Anschaffung von besonderem Material oder \u00a0die traditionelle F\u00f6rderung der Abschlussfahrt f\u00fcr unsere k\u00fcnftigen Schulkinder sein.<\/strong><\/p>\n<p><strong><img loading=\"lazy\" decoding=\"async\" class=\"alignnone\" src=\"http:\/\/xn--werderaner-frchtchen-1ec.de\/wp-content\/uploads\/2012\/08\/sommerfest.jpg\" alt=\"\" width=\"288\" height=\"184\" \/><\/strong><\/p>\n<p><strong>Eine Kita darf aber als \u00f6ffentliche Einrichtung keine Spenden gezielt und direkt annehmen. Ebenso darf sie beispielsweise keine Einnahmen aus Kuchenverk\u00e4ufen und Sommerfesten verbuchen. <\/strong><\/p>\n<p><strong>Unser gemeinn\u00fctziger F\u00f6rderverein darf dies alles und kann Ihre Hilfe 1 zu 1 weiter reichen.\u00a0<\/strong><\/p>\n<p>\u00a0<\/p>\n<p>\u00a0<\/p>\n<p><strong>Vereinsvorstand (seit M\u00e4rz 2025):<\/strong><br \/>Vorsitzende:\u00a0 \u00a0 \u00a0 \u00a0 \u00a0Marie Hillebrandt<br \/>Kassiererin:\u00a0 \u00a0 \u00a0 \u00a0 \u00a0 \u00a0Hanna Berger (seit M\u00e4rz 2024)<br \/>Schriftf\u00fchrerin:\u00a0 \u00a0Celine R\u00fcckert<\/p>\n<p>Kontakt: vorstand@werderaner-fruechtchen.de<\/p>\n<p>\u00a0<\/p>\n<p><strong>Registergericht, Registernummer: <\/strong><br \/>Amtsgericht Potsdam VR 7097 P<\/p>\n\n\n<p><strong>Bankverbindung:<\/strong><br>Mittelbrandenburgische Sparkasse<br>IBAN: DE 18160500003528021860<br>BIC: WELADED1PMB<\/p>\n\n\n\n<p><strong>Finanzamt, Steuernummer:<\/strong><br>Finanzamt Brandenburg<br>Steuernummer: 048\/142\/03102 K01<\/p>\n","protected":false},"excerpt":{"rendered":"<p>Wir wollen Projekte der Kita schnell und unb\u00fcrokratisch unterst\u00fctzen. So kann die Kita zum Wohle unserer Kinder Ziele erreichen, f\u00fcr die von Tr\u00e4gerseite kein Geld zur Verf\u00fcgung gestellt wird. Das k\u00f6nnen zum Beispiel die Gestaltung eines Bolzplatzes, die Anschaffung von besonderem Material oder \u00a0die traditionelle F\u00f6rderung der Abschlussfahrt f\u00fcr unsere k\u00fcnftigen Schulkinder sein. Eine Kita [&hellip;]<\/p>\n","protected":false},"author":1,"featured_media":0,"parent":0,"menu_order":0,"comment_status":"closed","ping_status":"open","template":"","meta":{"footnotes":""},"class_list":["post-6","page","type-page","status-publish","hentry"],"_links":{"self":[{"href":"https:\/\/werderaner-fruechtchen.de\/index.php?rest_route=\/wp\/v2\/pages\/6","targetHints":{"allow":["GET"]}}],"collection":[{"href":"https:\/\/werderaner-fruechtchen.de\/index.php?rest_route=\/wp\/v2\/pages"}],"about":[{"href":"https:\/\/werderaner-fruechtchen.de\/index.php?rest_route=\/wp\/v2\/types\/page"}],"author":[{"embeddable":true,"href":"https:\/\/werderaner-fruechtchen.de\/index.php?rest_route=\/wp\/v2\/users\/1"}],"replies":[{"embeddable":true,"href":"https:\/\/werderaner-fruechtchen.de\/index.php?rest_route=%2Fwp%2Fv2%2Fcomments&post=6"}],"version-history":[{"count":71,"href":"https:\/\/werderaner-fruechtchen.de\/index.php?rest_route=\/wp\/v2\/pages\/6\/revisions"}],"predecessor-version":[{"id":4123,"href":"https:\/\/werderaner-fruechtchen.de\/index.php?rest_route=\/wp\/v2\/pages\/6\/revisions\/4123"}],"wp:attachment":[{"href":"https:\/\/werderaner-fruechtchen.de\/index.php?rest_route=%2Fwp%2Fv2%2Fmedia&parent=6"}],"curies":[{"name":"wp","href":"https:\/\/api.w.org\/{rel}","templated":true}]}}