{"id":492,"date":"2011-06-11T13:42:57","date_gmt":"2011-06-11T13:42:57","guid":{"rendered":"http:\/\/xn--werderaner-frchtchen-1ec.de\/?page_id=492"},"modified":"2021-01-06T19:21:12","modified_gmt":"2021-01-06T19:21:12","slug":"naturlehrpfad","status":"publish","type":"page","link":"https:\/\/werderaner-fruechtchen.de\/?page_id=492","title":{"rendered":"Naturlehrpfad (2014)"},"content":{"rendered":"<p style=\"text-align: justify;\"><a href=\"http:\/\/xn--werderaner-frchtchen-1ec.de\/wp-content\/uploads\/2011\/06\/natur_lehr.jpg\"><img loading=\"lazy\" decoding=\"async\" class=\" wp-image-994 alt= alignleft\" src=\"http:\/\/xn--werderaner-frchtchen-1ec.de\/wp-content\/uploads\/2011\/06\/natur_lehr-300x198.jpg\" alt=\"\" width=\"300\" height=\"198\" srcset=\"https:\/\/werderaner-fruechtchen.de\/wp-content\/uploads\/2011\/06\/natur_lehr-300x198.jpg 300w, https:\/\/werderaner-fruechtchen.de\/wp-content\/uploads\/2011\/06\/natur_lehr-1024x677.jpg 1024w, https:\/\/werderaner-fruechtchen.de\/wp-content\/uploads\/2011\/06\/natur_lehr.jpg 1160w\" sizes=\"auto, (max-width: 300px) 100vw, 300px\" \/><\/a>Viele Kinder hatten flei\u00dfig Bilder ihrer Lieblingstiere gesammelt. <strong>Rechtzeitig&nbsp;zum Familienfest im Mai 2011 konnten die Schautafeln mit den Tierfotos angebracht werden. <\/strong> Finanziert wurde die Einrichtung des Naturlehrpfades vor Haus&nbsp;1 aus unserem F\u00f6rdervereinsbudget und mithilfe unserer Einnahmen&nbsp;beim Familienfest.<\/p>\n<p style=\"text-align: justify;\">Herr Kelm hatte dieses Projekt angeregt, war der Ideengeber f\u00fcr die Ausf\u00fchrung des Pfades&nbsp;und hatte die Halterungen f\u00fcr die Schaubilder beigesteuert. Vielen Dank, Herr Kelm &#8211;&nbsp;der Naturlehrpfad ist wirklich toll geworden!<\/p>\n<h5 style=\"text-align: justify;\"><strong>2014: Naturlehrpfad 2.0<\/strong><a href=\"http:\/\/xn--werderaner-frchtchen-1ec.de\/wp-content\/uploads\/2011\/06\/Natur_2014-2.jpg\"><img loading=\"lazy\" decoding=\"async\" class=\"alignleft  wp-image-1850\" src=\"http:\/\/xn--werderaner-frchtchen-1ec.de\/wp-content\/uploads\/2011\/06\/Natur_2014-2.jpg\" alt=\"Natur_2014-2\" width=\"162\" height=\"258\"><\/a><\/h5>\n<p style=\"text-align: justify;\">Inzwischen waren einige der Tafeln etwas &#8222;in die Jahre gekommen&#8220;, so dass <strong>der F\u00f6rderverein im Juni 2014 <\/strong>mit Herrn Kelms Engagement durch die Werderaner Firma <em>B\u00fcrotechnik Zilch<\/em> <strong>20 neue&nbsp;Platten aus stabilerem PVC anfertigen lie\u00df<\/strong>. Diesmal sind die&nbsp;Tiermotive kreisrund. Das hat den Vorteil, dass sie besser auf die Baumst\u00e4mme passen, auf die sie montiert sind und sich die Kanten nicht so schnell abnutzen. <strong>Wir freuen uns mit den Kindern sehr \u00fcber das gelungene Ergebnis und die Auffrischung unseres Naturlehrpfads!<\/strong><\/p>\n","protected":false},"excerpt":{"rendered":"<p>Viele Kinder hatten flei\u00dfig Bilder ihrer Lieblingstiere gesammelt. Rechtzeitig&nbsp;zum Familienfest im Mai 2011 konnten die Schautafeln mit den Tierfotos angebracht werden. Finanziert wurde die Einrichtung des Naturlehrpfades vor Haus&nbsp;1 aus unserem F\u00f6rdervereinsbudget und mithilfe unserer Einnahmen&nbsp;beim Familienfest. Herr Kelm hatte dieses Projekt angeregt, war der Ideengeber f\u00fcr die Ausf\u00fchrung des Pfades&nbsp;und hatte die Halterungen f\u00fcr [&hellip;]<\/p>\n","protected":false},"author":1,"featured_media":0,"parent":18,"menu_order":2,"comment_status":"open","ping_status":"open","template":"","meta":{"footnotes":""},"class_list":["post-492","page","type-page","status-publish","hentry"],"_links":{"self":[{"href":"https:\/\/werderaner-fruechtchen.de\/index.php?rest_route=\/wp\/v2\/pages\/492","targetHints":{"allow":["GET"]}}],"collection":[{"href":"https:\/\/werderaner-fruechtchen.de\/index.php?rest_route=\/wp\/v2\/pages"}],"about":[{"href":"https:\/\/werderaner-fruechtchen.de\/index.php?rest_route=\/wp\/v2\/types\/page"}],"author":[{"embeddable":true,"href":"https:\/\/werderaner-fruechtchen.de\/index.php?rest_route=\/wp\/v2\/users\/1"}],"replies":[{"embeddable":true,"href":"https:\/\/werderaner-fruechtchen.de\/index.php?rest_route=%2Fwp%2Fv2%2Fcomments&post=492"}],"version-history":[{"count":12,"href":"https:\/\/werderaner-fruechtchen.de\/index.php?rest_route=\/wp\/v2\/pages\/492\/revisions"}],"predecessor-version":[{"id":3018,"href":"https:\/\/werderaner-fruechtchen.de\/index.php?rest_route=\/wp\/v2\/pages\/492\/revisions\/3018"}],"up":[{"embeddable":true,"href":"https:\/\/werderaner-fruechtchen.de\/index.php?rest_route=\/wp\/v2\/pages\/18"}],"wp:attachment":[{"href":"https:\/\/werderaner-fruechtchen.de\/index.php?rest_route=%2Fwp%2Fv2%2Fmedia&parent=492"}],"curies":[{"name":"wp","href":"https:\/\/api.w.org\/{rel}","templated":true}]}}