{"id":46,"date":"2011-04-04T09:00:49","date_gmt":"2011-04-04T09:00:49","guid":{"rendered":"http:\/\/xn--werderaner-frchtchen-1ec.de\/wordpress\/?page_id=46"},"modified":"2023-09-24T19:03:25","modified_gmt":"2023-09-24T19:03:25","slug":"konzept","status":"publish","type":"page","link":"https:\/\/werderaner-fruechtchen.de\/?page_id=46","title":{"rendered":"Konzept &#8211; infans"},"content":{"rendered":"<h5><strong><a href=\"http:\/\/xn--werderaner-frchtchen-1ec.de\/wp-content\/uploads\/2023\/08\/kinder-spielen-auf-dem-rasen-scaled.jpg\"><img loading=\"lazy\" decoding=\"async\" class=\"alignleft size-medium wp-image-3403\" src=\"http:\/\/xn--werderaner-frchtchen-1ec.de\/wp-content\/uploads\/2023\/08\/kinder-spielen-auf-dem-rasen-300x200.jpg\" alt=\"\" width=\"300\" height=\"200\" srcset=\"https:\/\/werderaner-fruechtchen.de\/wp-content\/uploads\/2023\/08\/kinder-spielen-auf-dem-rasen-300x200.jpg 300w, https:\/\/werderaner-fruechtchen.de\/wp-content\/uploads\/2023\/08\/kinder-spielen-auf-dem-rasen-1024x683.jpg 1024w, https:\/\/werderaner-fruechtchen.de\/wp-content\/uploads\/2023\/08\/kinder-spielen-auf-dem-rasen-768x512.jpg 768w, https:\/\/werderaner-fruechtchen.de\/wp-content\/uploads\/2023\/08\/kinder-spielen-auf-dem-rasen-1536x1024.jpg 1536w, https:\/\/werderaner-fruechtchen.de\/wp-content\/uploads\/2023\/08\/kinder-spielen-auf-dem-rasen-2048x1365.jpg 2048w\" sizes=\"auto, (max-width: 300px) 100vw, 300px\" \/><\/a>Kindertagesst\u00e4tte \u201eWerderaner Fr\u00fcchtchen\u201c &#8211; <\/strong><strong>eine Bildungseinrichtung mit Betreuungsauftrag:<br \/>\n<\/strong><strong>Wir sind eine <span style=\"color: #57ba5e;\">infans <\/span>\u2013 Kita&#8230;<\/strong><\/h5>\n<p style=\"text-align: left;\"><strong>WAS IST\u00a0 <span style=\"color: #57ba5e;\">infans <\/span>?<\/strong><\/p>\n<p><span style=\"color: #57ba5e;\"><strong><span style=\"text-decoration: underline;\">In<\/span><\/strong><\/span>stitut <span style=\"color: #57ba5e;\"><strong><span style=\"text-decoration: underline;\">f<\/span><\/strong><\/span>\u00fcr<span style=\"color: #57ba5e;\"> <strong><span style=\"text-decoration: underline;\">an<\/span><\/strong><\/span>gewandte<span style=\"color: #57ba5e;\"> <strong><span style=\"text-decoration: underline;\">S<\/span><\/strong><\/span>ozialisationsforschung (infans) mit Sitz in Berlin.<\/p>\n<ul>\n<li>Ein Kita \u2013 Konzept\u00a0 zum\u00a0 Wohlergehen jedes einzelnen Kindes.<\/li>\n<\/ul>\n<p style=\"text-align: justify;\">Die p\u00e4dagogische Arbeit orientiert sich an den Erziehungszielen der Kita und an den Themen und Interessen der Kinder. Die Arbeit wird durch zahlreiche Beobachtungsinstrumente begleitet.<\/p>\n<p><a href=\"http:\/\/xn--werderaner-frchtchen-1ec.de\/wp-content\/uploads\/2023\/09\/nursery-2114173_1280.jpg\"><img loading=\"lazy\" decoding=\"async\" class=\"alignright size-thumbnail wp-image-3489\" src=\"http:\/\/xn--werderaner-frchtchen-1ec.de\/wp-content\/uploads\/2023\/09\/nursery-2114173_1280-150x150.jpg\" alt=\"\" width=\"150\" height=\"150\" \/><\/a><\/p>\n<p><strong>WORAN SP\u00dcREN SIE, DASS WIR EINE <span style=\"color: #57ba5e;\">infans<\/span> \u2013 KITA SIND?<\/strong><\/p>\n<ul>\n<li>Alle Eltern erhalten zu ihren Kindern Entwicklungsgespr\u00e4che, die mit Hilfe von <span style=\"color: #57ba5e;\">infans <\/span>\u2013 Instrumenten vorbereitet werden.<\/li>\n<li>Jedes einzelne Kind hat ein umfangreiches Portfolio und wir arbeiten mit seinen Inhalten (Soziogramm 3 &#8211; 6 Jahre, Zugangsbereiche, Bildungsthemenbogen).<\/li>\n<li>Die Dokumentation zum Thema \u201eWie lernen Kinder?\u201c erfolgt achtsam am einzelnen Kind.<\/li>\n<li>Erzieher*innen reflektieren regelm\u00e4\u00dfig im Team zu Beobachtungen und entwickeln daraus gezielte p\u00e4dagogische Handlungsschritte.<\/li>\n<\/ul>\n<p><strong>WO STEHEN WIR IM MOMENT ?<\/strong><\/p>\n<ul>\n<li>Wir erarbeiten f\u00fcr jeden Bildungsbereich Erziehungsziele. Dabei leitet uns der Wunsch: Was sollte ein junger Mensch mit ca. 30 Jahren k\u00f6nnen? Was k\u00f6nnen wir als P\u00e4dagogen*innen daf\u00fcr tun, dass dieses Ziel Realit\u00e4t werden kann. Hier \u00fcberlegen wir, was f\u00fcr die Erreichung der aufgestellten Erziehungsziele in unserer Arbeit und der Raumgestaltung ver\u00e4ndert werden muss.<\/li>\n<li>In der n\u00e4chsten Phase laden wir Sie als Eltern ein, gemeinsame Erziehungsziele zu erarbeiten.<\/li>\n<li>Wir f\u00fchren Beobachtungen durch und einmal w\u00f6chentlich erfolgt im Team eine Reflektion dazu. Hier werden die Beobachtungen reflektiert sowie Vereinbarungen und Vorgehensweisen f\u00fcr die weitere p\u00e4dagogische Arbeit mit dem entsprechenden Kind verabredet.<\/li>\n<li>Weiterhin besprechen wir in einer monatlich stattfindenden Teamsitzung (2,0 h) fachliche Vorgehensweisen.<\/li>\n<li>Jeden Monat organisieren wir eine Gesamt \u2013 Mitarbeitende &#8211; Dienstberatung (2,0 h).<\/li>\n<\/ul>\n<p><strong>EINLADUNG<\/strong><\/p>\n<ul>\n<li>Wir laden alle Eltern und Interessierte herzlich ein, uns als Kitateam zum Konzept <span style=\"color: #57ba5e;\">infans <\/span>zu befragen. Seien Sie neugierig und sprechen Sie uns an. Wir freuen uns darauf.<\/li>\n<\/ul>\n<p><a href=\"http:\/\/xn--werderaner-frchtchen-1ec.de\/wp-content\/uploads\/2012\/09\/Bildungsgeschichten_Infans.pdf\" target=\"_blank\" rel=\"noopener\">Bildungsgeschichten \u2013 infans<\/a><\/p>\n","protected":false},"excerpt":{"rendered":"<p>Kindertagesst\u00e4tte \u201eWerderaner Fr\u00fcchtchen\u201c &#8211; eine Bildungseinrichtung mit Betreuungsauftrag: Wir sind eine infans \u2013 Kita&#8230; WAS IST\u00a0 infans ? Institut f\u00fcr angewandte Sozialisationsforschung (infans) mit Sitz in Berlin. Ein Kita \u2013 Konzept\u00a0 zum\u00a0 Wohlergehen jedes einzelnen Kindes. Die p\u00e4dagogische Arbeit orientiert sich an den Erziehungszielen der Kita und an den Themen und Interessen der Kinder. Die [&hellip;]<\/p>\n","protected":false},"author":1,"featured_media":0,"parent":11,"menu_order":3,"comment_status":"closed","ping_status":"open","template":"","meta":{"footnotes":""},"class_list":["post-46","page","type-page","status-publish","hentry"],"_links":{"self":[{"href":"https:\/\/werderaner-fruechtchen.de\/index.php?rest_route=\/wp\/v2\/pages\/46","targetHints":{"allow":["GET"]}}],"collection":[{"href":"https:\/\/werderaner-fruechtchen.de\/index.php?rest_route=\/wp\/v2\/pages"}],"about":[{"href":"https:\/\/werderaner-fruechtchen.de\/index.php?rest_route=\/wp\/v2\/types\/page"}],"author":[{"embeddable":true,"href":"https:\/\/werderaner-fruechtchen.de\/index.php?rest_route=\/wp\/v2\/users\/1"}],"replies":[{"embeddable":true,"href":"https:\/\/werderaner-fruechtchen.de\/index.php?rest_route=%2Fwp%2Fv2%2Fcomments&post=46"}],"version-history":[{"count":43,"href":"https:\/\/werderaner-fruechtchen.de\/index.php?rest_route=\/wp\/v2\/pages\/46\/revisions"}],"predecessor-version":[{"id":3491,"href":"https:\/\/werderaner-fruechtchen.de\/index.php?rest_route=\/wp\/v2\/pages\/46\/revisions\/3491"}],"up":[{"embeddable":true,"href":"https:\/\/werderaner-fruechtchen.de\/index.php?rest_route=\/wp\/v2\/pages\/11"}],"wp:attachment":[{"href":"https:\/\/werderaner-fruechtchen.de\/index.php?rest_route=%2Fwp%2Fv2%2Fmedia&parent=46"}],"curies":[{"name":"wp","href":"https:\/\/api.w.org\/{rel}","templated":true}]}}