{"id":41,"date":"2011-04-03T12:00:39","date_gmt":"2011-04-03T12:00:39","guid":{"rendered":"http:\/\/xn--werderaner-frchtchen-1ec.de\/wordpress\/?page_id=41"},"modified":"2025-05-20T10:12:32","modified_gmt":"2025-05-20T08:12:32","slug":"mitglied-werden","status":"publish","type":"page","link":"https:\/\/werderaner-fruechtchen.de\/?page_id=41","title":{"rendered":"Mitglied werden"},"content":{"rendered":"<p><span style=\"color: #000000;\"><strong>Werden Sie Mitglied und unterst\u00fctzen Sie die gute Sache f\u00fcr unsere Kinder!<\/strong> <\/span><\/p>\n<p><span style=\"color: #000000;\"><strong>Der Verein ist als gemeinn\u00fctzig anerkannt und darf Spendenbescheinigungen ausstellen.<\/strong><\/span><\/p>\n<p>F\u00fcr einen Mindestbeitrag von 24 \u20ac im Jahr k\u00f6nnen Sie als aktives oder auch nur unterst\u00fctzendes Mitglied an unseren Projekten teilnehmen.<\/p>\n<p><strong>Den Mitgliedsantrag finden Sie <a href=\"https:\/\/werderaner-fruechtchen.de\/wp-content\/uploads\/2025\/05\/2025-Mitgliedsantrag-Foerderverein-Werderaner-Fruechtchen.pdf\" target=\"_blank\" rel=\"noopener\">hier &#8230; <\/a><\/strong><\/p>\n<p><strong>und die Erm\u00e4chtigung zur\u00a0SEPA-Lastschrift <a href=\"https:\/\/werderaner-fruechtchen.de\/wp-content\/uploads\/2025\/05\/2025-SEPA-Lastschrift-Foerderverein-Werderaner-Fruechtchen.pdf\" target=\"_blank\" rel=\"noopener\">hier &#8230;<\/a><\/strong><\/p>\n<p>Bitte geben Sie den Antrag und sofern Sie den Beitrag per Lastschrift einziehen lassen m\u00f6chten die Einzugserm\u00e4chtigung bei Ihrer Erzieherin\/Ihrem Erzieher, bei der Leitung der Kita oder bei einem Vorstandsmitglied ab.<\/p>\n<p>Wir freuen uns auf Sie!<\/p>\n<p>Vielen Dank.<br \/>\n<a href=\"http:\/\/xn--werderaner-frchtchen-1ec.de\/wp-content\/uploads\/2023\/08\/Original-on-Transparent.png\"><img loading=\"lazy\" decoding=\"async\" class=\"alignleft size-medium wp-image-3399\" src=\"http:\/\/xn--werderaner-frchtchen-1ec.de\/wp-content\/uploads\/2023\/08\/Original-on-Transparent-300x84.png\" alt=\"\" width=\"300\" height=\"84\" srcset=\"https:\/\/werderaner-fruechtchen.de\/wp-content\/uploads\/2023\/08\/Original-on-Transparent-300x84.png 300w, https:\/\/werderaner-fruechtchen.de\/wp-content\/uploads\/2023\/08\/Original-on-Transparent-1024x287.png 1024w, https:\/\/werderaner-fruechtchen.de\/wp-content\/uploads\/2023\/08\/Original-on-Transparent-768x215.png 768w, https:\/\/werderaner-fruechtchen.de\/wp-content\/uploads\/2023\/08\/Original-on-Transparent-1536x430.png 1536w, https:\/\/werderaner-fruechtchen.de\/wp-content\/uploads\/2023\/08\/Original-on-Transparent-2048x573.png 2048w\" sizes=\"auto, (max-width: 300px) 100vw, 300px\" \/><\/a><\/p>\n","protected":false},"excerpt":{"rendered":"<p>Werden Sie Mitglied und unterst\u00fctzen Sie die gute Sache f\u00fcr unsere Kinder! Der Verein ist als gemeinn\u00fctzig anerkannt und darf Spendenbescheinigungen ausstellen. F\u00fcr einen Mindestbeitrag von 24 \u20ac im Jahr k\u00f6nnen Sie als aktives oder auch nur unterst\u00fctzendes Mitglied an unseren Projekten teilnehmen. Den Mitgliedsantrag finden Sie hier &#8230; und die Erm\u00e4chtigung zur\u00a0SEPA-Lastschrift hier &#8230; [&hellip;]<\/p>\n","protected":false},"author":1,"featured_media":0,"parent":6,"menu_order":2,"comment_status":"closed","ping_status":"closed","template":"","meta":{"footnotes":""},"class_list":["post-41","page","type-page","status-publish","hentry"],"_links":{"self":[{"href":"https:\/\/werderaner-fruechtchen.de\/index.php?rest_route=\/wp\/v2\/pages\/41","targetHints":{"allow":["GET"]}}],"collection":[{"href":"https:\/\/werderaner-fruechtchen.de\/index.php?rest_route=\/wp\/v2\/pages"}],"about":[{"href":"https:\/\/werderaner-fruechtchen.de\/index.php?rest_route=\/wp\/v2\/types\/page"}],"author":[{"embeddable":true,"href":"https:\/\/werderaner-fruechtchen.de\/index.php?rest_route=\/wp\/v2\/users\/1"}],"replies":[{"embeddable":true,"href":"https:\/\/werderaner-fruechtchen.de\/index.php?rest_route=%2Fwp%2Fv2%2Fcomments&post=41"}],"version-history":[{"count":32,"href":"https:\/\/werderaner-fruechtchen.de\/index.php?rest_route=\/wp\/v2\/pages\/41\/revisions"}],"predecessor-version":[{"id":4068,"href":"https:\/\/werderaner-fruechtchen.de\/index.php?rest_route=\/wp\/v2\/pages\/41\/revisions\/4068"}],"up":[{"embeddable":true,"href":"https:\/\/werderaner-fruechtchen.de\/index.php?rest_route=\/wp\/v2\/pages\/6"}],"wp:attachment":[{"href":"https:\/\/werderaner-fruechtchen.de\/index.php?rest_route=%2Fwp%2Fv2%2Fmedia&parent=41"}],"curies":[{"name":"wp","href":"https:\/\/api.w.org\/{rel}","templated":true}]}}