{"id":4025,"date":"2025-04-22T20:43:30","date_gmt":"2025-04-22T20:43:30","guid":{"rendered":"http:\/\/xn--werderaner-frchtchen-1ec.de\/?page_id=4025"},"modified":"2025-08-04T08:23:10","modified_gmt":"2025-08-04T06:23:10","slug":"neue-spielgeraete-2025","status":"publish","type":"page","link":"https:\/\/werderaner-fruechtchen.de\/?page_id=4025","title":{"rendered":"Neue Spielger\u00e4te (2025)"},"content":{"rendered":"\n<p>Liebe&nbsp;Eltern,<br><br>im letzten Jahr sind durch die vielen Veranstaltungen und der gro\u00dfartigen Unterst\u00fctzung von verschiedenen Firmen, euch und den Erzieher:innen Spenden im Wert von&nbsp;<strong>1000 \u20ac<\/strong>&nbsp;zusammengekommen.<\/p>\n\n\n\n<p>Dadurch konnten wir einige Anschaffung als F\u00f6rderverein f\u00fcr die Kinder und die Kita erm\u00f6glichen!<br><br>Mit&nbsp;diesem&nbsp;Betrag&nbsp;konnten&nbsp;wir&nbsp;folgende<strong>&nbsp;Spielger\u00e4te<\/strong>&nbsp;erwerben:<br><\/p>\n\n\n\n<p>&#8211;&nbsp;Zwei&nbsp;Holzpferde:&nbsp;F\u00fcr&nbsp;fantasievolles&nbsp;Spielen&nbsp;und&nbsp;Reiten&nbsp;im&nbsp;Freien.<\/p>\n\n\n\n<p>&#8211; Zwei Activity-W\u00e4nde: F\u00fcr kreative und spa\u00dfige Erlebnisse im Sand und Wasser.&nbsp;<\/p>\n\n\n\n<p>&#8211; Eine Balancierstrecke: Um die motorischen F\u00e4higkeiten und den Gleichgewichtssinn unserer Kinder zu f\u00f6rdern.<br>&#8211;&nbsp;Kreide-Mal-Blumen:&nbsp;F\u00fcr&nbsp;kreative&nbsp;Kunstwerke&nbsp;im&nbsp;Freien&nbsp;und&nbsp;viel&nbsp;Spa\u00df&nbsp;beim&nbsp;Malen.<br>&#8211; Ein Verkehrszeichen-Set: Um den Kindern spielerisch die Verkehrsregeln n\u00e4herzubringen.<\/p>\n\n\n\n<figure class=\"wp-block-image size-large\"><a href=\"https:\/\/werderaner-fruechtchen.de\/wp-content\/uploads\/2025\/04\/Neue-Spielgeraete-2025.png\"><img loading=\"lazy\" decoding=\"async\" width=\"1024\" height=\"819\" src=\"https:\/\/werderaner-fruechtchen.de\/wp-content\/uploads\/2025\/04\/Neue-Spielgeraete-2025-1024x819.png\" alt=\"\" class=\"wp-image-4038\" srcset=\"https:\/\/werderaner-fruechtchen.de\/wp-content\/uploads\/2025\/04\/Neue-Spielgeraete-2025-1024x819.png 1024w, https:\/\/werderaner-fruechtchen.de\/wp-content\/uploads\/2025\/04\/Neue-Spielgeraete-2025-300x240.png 300w, https:\/\/werderaner-fruechtchen.de\/wp-content\/uploads\/2025\/04\/Neue-Spielgeraete-2025-768x614.png 768w, https:\/\/werderaner-fruechtchen.de\/wp-content\/uploads\/2025\/04\/Neue-Spielgeraete-2025-1536x1229.png 1536w, https:\/\/werderaner-fruechtchen.de\/wp-content\/uploads\/2025\/04\/Neue-Spielgeraete-2025.png 2000w\" sizes=\"auto, (max-width: 1024px) 100vw, 1024px\" \/><\/a><\/figure>\n\n\n\n<p><br>Wir sind \u00fcberzeugt, dass die neuen Spielger\u00e4te den Kindern viel Freude bereiten und ihre Entwicklung unterst\u00fctzt werden.<\/p>\n\n\n\n<p>Ein&nbsp;herzliches&nbsp;Dankesch\u00f6n&nbsp;an&nbsp;alle,&nbsp;die&nbsp;zu&nbsp;den&nbsp;Veranstaltungen&nbsp;beigetragen&nbsp;haben!<br><br>Wir&nbsp;freuen&nbsp;uns&nbsp;auf&nbsp;weitere&nbsp;gemeinsame&nbsp;Aktionen&nbsp;und&nbsp;Eure&nbsp;Unterst\u00fctzung!<\/p>\n\n\n\n<p>Viele Gr\u00fc\u00dfe euer &nbsp;&nbsp;&nbsp;&nbsp;<\/p>\n\n\n\n<figure class=\"wp-block-image size-large\"><a href=\"http:\/\/xn--werderaner-frchtchen-1ec.de\/wp-content\/uploads\/2025\/04\/image-2.png\"><img loading=\"lazy\" decoding=\"async\" width=\"1024\" height=\"287\" src=\"http:\/\/xn--werderaner-frchtchen-1ec.de\/wp-content\/uploads\/2025\/04\/image-2-1024x287.png\" alt=\"\" class=\"wp-image-4026\" srcset=\"https:\/\/werderaner-fruechtchen.de\/wp-content\/uploads\/2025\/04\/image-2-1024x287.png 1024w, https:\/\/werderaner-fruechtchen.de\/wp-content\/uploads\/2025\/04\/image-2-300x84.png 300w, https:\/\/werderaner-fruechtchen.de\/wp-content\/uploads\/2025\/04\/image-2-768x215.png 768w, https:\/\/werderaner-fruechtchen.de\/wp-content\/uploads\/2025\/04\/image-2-1536x430.png 1536w, https:\/\/werderaner-fruechtchen.de\/wp-content\/uploads\/2025\/04\/image-2-2048x573.png 2048w\" sizes=\"auto, (max-width: 1024px) 100vw, 1024px\" \/><\/a><\/figure>\n","protected":false},"excerpt":{"rendered":"<p>Liebe&nbsp;Eltern, im letzten Jahr sind durch die vielen Veranstaltungen und der gro\u00dfartigen Unterst\u00fctzung von verschiedenen Firmen, euch und den Erzieher:innen Spenden im Wert von&nbsp;1000 \u20ac&nbsp;zusammengekommen. Dadurch konnten wir einige Anschaffung als F\u00f6rderverein f\u00fcr die Kinder und die Kita erm\u00f6glichen! Mit&nbsp;diesem&nbsp;Betrag&nbsp;konnten&nbsp;wir&nbsp;folgende&nbsp;Spielger\u00e4te&nbsp;erwerben: &#8211;&nbsp;Zwei&nbsp;Holzpferde:&nbsp;F\u00fcr&nbsp;fantasievolles&nbsp;Spielen&nbsp;und&nbsp;Reiten&nbsp;im&nbsp;Freien. &#8211; Zwei Activity-W\u00e4nde: F\u00fcr kreative und spa\u00dfige Erlebnisse im Sand und Wasser.&nbsp; &#8211; Eine [&hellip;]<\/p>\n","protected":false},"author":1,"featured_media":0,"parent":18,"menu_order":0,"comment_status":"closed","ping_status":"closed","template":"","meta":{"footnotes":""},"class_list":["post-4025","page","type-page","status-publish","hentry"],"_links":{"self":[{"href":"https:\/\/werderaner-fruechtchen.de\/index.php?rest_route=\/wp\/v2\/pages\/4025","targetHints":{"allow":["GET"]}}],"collection":[{"href":"https:\/\/werderaner-fruechtchen.de\/index.php?rest_route=\/wp\/v2\/pages"}],"about":[{"href":"https:\/\/werderaner-fruechtchen.de\/index.php?rest_route=\/wp\/v2\/types\/page"}],"author":[{"embeddable":true,"href":"https:\/\/werderaner-fruechtchen.de\/index.php?rest_route=\/wp\/v2\/users\/1"}],"replies":[{"embeddable":true,"href":"https:\/\/werderaner-fruechtchen.de\/index.php?rest_route=%2Fwp%2Fv2%2Fcomments&post=4025"}],"version-history":[{"count":5,"href":"https:\/\/werderaner-fruechtchen.de\/index.php?rest_route=\/wp\/v2\/pages\/4025\/revisions"}],"predecessor-version":[{"id":4131,"href":"https:\/\/werderaner-fruechtchen.de\/index.php?rest_route=\/wp\/v2\/pages\/4025\/revisions\/4131"}],"up":[{"embeddable":true,"href":"https:\/\/werderaner-fruechtchen.de\/index.php?rest_route=\/wp\/v2\/pages\/18"}],"wp:attachment":[{"href":"https:\/\/werderaner-fruechtchen.de\/index.php?rest_route=%2Fwp%2Fv2%2Fmedia&parent=4025"}],"curies":[{"name":"wp","href":"https:\/\/api.w.org\/{rel}","templated":true}]}}