{"id":3918,"date":"2024-10-16T19:18:43","date_gmt":"2024-10-16T19:18:43","guid":{"rendered":"http:\/\/xn--werderaner-frchtchen-1ec.de\/?page_id=3918"},"modified":"2024-10-16T19:18:43","modified_gmt":"2024-10-16T19:18:43","slug":"neuer-spielturm-2024","status":"publish","type":"page","link":"https:\/\/werderaner-fruechtchen.de\/?page_id=3918","title":{"rendered":"Neuer Spielturm (2024)"},"content":{"rendered":"\n<p>Mit gro\u00dfer Freude m\u00f6chten wir euch dar\u00fcber informieren, dass das Au\u00dfengel\u00e4nde von Haus 2 um eine Attraktion reicher geworden ist: Ein toller Spielturm!<\/p>\n\n\n\n<figure class=\"wp-block-image size-large is-resized\"><a href=\"http:\/\/xn--werderaner-frchtchen-1ec.de\/wp-content\/uploads\/2024\/10\/IMG_8304-1-scaled.jpg\"><img loading=\"lazy\" decoding=\"async\" src=\"http:\/\/xn--werderaner-frchtchen-1ec.de\/wp-content\/uploads\/2024\/10\/IMG_8304-1-1024x768.jpg\" alt=\"\" class=\"wp-image-3919\" width=\"768\" height=\"576\" srcset=\"https:\/\/werderaner-fruechtchen.de\/wp-content\/uploads\/2024\/10\/IMG_8304-1-1024x768.jpg 1024w, https:\/\/werderaner-fruechtchen.de\/wp-content\/uploads\/2024\/10\/IMG_8304-1-300x225.jpg 300w, https:\/\/werderaner-fruechtchen.de\/wp-content\/uploads\/2024\/10\/IMG_8304-1-768x576.jpg 768w, https:\/\/werderaner-fruechtchen.de\/wp-content\/uploads\/2024\/10\/IMG_8304-1-1536x1152.jpg 1536w, https:\/\/werderaner-fruechtchen.de\/wp-content\/uploads\/2024\/10\/IMG_8304-1-2048x1536.jpg 2048w\" sizes=\"auto, (max-width: 768px) 100vw, 768px\" \/><\/a><\/figure>\n\n\n\n<p>Dieser Spielturm l\u00e4dt alle Kinder zum Spielen und Entdecken ein und sorgte bereits f\u00fcr viele fr\u00f6hliche Stunden.<\/p>\n\n\n\n<p>Ein <strong>herzliches<\/strong> <strong>Dankesch\u00f6n<\/strong> geht an ein gro\u00dfz\u00fcgiges Elternpaar aus Glindow f\u00fcr diese wertvolle Unterst\u00fctzung!<\/p>\n\n\n\n<p>Dank ihrer Spende haben unsere Kinder nun einen neuen Lieblingsplatz im Freien.<\/p>\n\n\n\n<p>Wir sind unglaublich dankbar f\u00fcr diese gro\u00dfz\u00fcgige Spende und freuen uns, dass unsere Kita wieder ein St\u00fcck sch\u00f6ner und kinderfreundlicher geworden ist.<\/p>\n\n\n\n<p>Der F\u00f6rderverein sagt DANKE<\/p>\n\n\n\n<p>Viele Gr\u00fc\u00dfe<\/p>\n\n\n\n<p>Euer F\u00f6rderverein<\/p>\n\n\n\n<figure class=\"wp-block-image is-resized\"><a href=\"http:\/\/xn--werderaner-frchtchen-1ec.de\/wp-content\/uploads\/2021\/01\/Original-on-Transparent.png\"><img loading=\"lazy\" decoding=\"async\" src=\"http:\/\/xn--werderaner-frchtchen-1ec.de\/wp-content\/uploads\/2021\/01\/Original-on-Transparent-1024x287.png\" alt=\"\" class=\"wp-image-3005\" width=\"512\" height=\"144\" srcset=\"https:\/\/werderaner-fruechtchen.de\/wp-content\/uploads\/2021\/01\/Original-on-Transparent-1024x287.png 1024w, https:\/\/werderaner-fruechtchen.de\/wp-content\/uploads\/2021\/01\/Original-on-Transparent-300x84.png 300w, https:\/\/werderaner-fruechtchen.de\/wp-content\/uploads\/2021\/01\/Original-on-Transparent-768x215.png 768w, https:\/\/werderaner-fruechtchen.de\/wp-content\/uploads\/2021\/01\/Original-on-Transparent-1536x430.png 1536w, https:\/\/werderaner-fruechtchen.de\/wp-content\/uploads\/2021\/01\/Original-on-Transparent-2048x573.png 2048w\" sizes=\"auto, (max-width: 512px) 100vw, 512px\" \/><\/a><\/figure>\n","protected":false},"excerpt":{"rendered":"<p>Mit gro\u00dfer Freude m\u00f6chten wir euch dar\u00fcber informieren, dass das Au\u00dfengel\u00e4nde von Haus 2 um eine Attraktion reicher geworden ist: Ein toller Spielturm! Dieser Spielturm l\u00e4dt alle Kinder zum Spielen und Entdecken ein und sorgte bereits f\u00fcr viele fr\u00f6hliche Stunden. Ein herzliches Dankesch\u00f6n geht an ein gro\u00dfz\u00fcgiges Elternpaar aus Glindow f\u00fcr diese wertvolle Unterst\u00fctzung! Dank [&hellip;]<\/p>\n","protected":false},"author":1,"featured_media":0,"parent":0,"menu_order":0,"comment_status":"closed","ping_status":"closed","template":"","meta":{"footnotes":""},"class_list":["post-3918","page","type-page","status-publish","hentry"],"_links":{"self":[{"href":"https:\/\/werderaner-fruechtchen.de\/index.php?rest_route=\/wp\/v2\/pages\/3918","targetHints":{"allow":["GET"]}}],"collection":[{"href":"https:\/\/werderaner-fruechtchen.de\/index.php?rest_route=\/wp\/v2\/pages"}],"about":[{"href":"https:\/\/werderaner-fruechtchen.de\/index.php?rest_route=\/wp\/v2\/types\/page"}],"author":[{"embeddable":true,"href":"https:\/\/werderaner-fruechtchen.de\/index.php?rest_route=\/wp\/v2\/users\/1"}],"replies":[{"embeddable":true,"href":"https:\/\/werderaner-fruechtchen.de\/index.php?rest_route=%2Fwp%2Fv2%2Fcomments&post=3918"}],"version-history":[{"count":1,"href":"https:\/\/werderaner-fruechtchen.de\/index.php?rest_route=\/wp\/v2\/pages\/3918\/revisions"}],"predecessor-version":[{"id":3920,"href":"https:\/\/werderaner-fruechtchen.de\/index.php?rest_route=\/wp\/v2\/pages\/3918\/revisions\/3920"}],"wp:attachment":[{"href":"https:\/\/werderaner-fruechtchen.de\/index.php?rest_route=%2Fwp%2Fv2%2Fmedia&parent=3918"}],"curies":[{"name":"wp","href":"https:\/\/api.w.org\/{rel}","templated":true}]}}