{"id":3911,"date":"2024-10-15T19:06:17","date_gmt":"2024-10-15T19:06:17","guid":{"rendered":"http:\/\/xn--werderaner-frchtchen-1ec.de\/?page_id=3911"},"modified":"2024-10-15T19:06:17","modified_gmt":"2024-10-15T19:06:17","slug":"neuer-krippenwagen-2024","status":"publish","type":"page","link":"https:\/\/werderaner-fruechtchen.de\/?page_id=3911","title":{"rendered":"Neuer Krippenwagen (2024)"},"content":{"rendered":"\n<p>Dank einer gro\u00dfz\u00fcgigen Spende eines ortsans\u00e4ssigen Unternehmens konnte der F\u00f6rderverein bereits Anfang des Jahres einen neuen 8-Sitzer Krippenwagen mit viel Zubeh\u00f6r anschaffen!<\/p>\n\n\n\n<figure class=\"wp-block-image\"><a href=\"http:\/\/xn--werderaner-frchtchen-1ec.de\/wp-content\/uploads\/2024\/05\/IMG-20240522-WA0055.jpg\"><img loading=\"lazy\" decoding=\"async\" width=\"1024\" height=\"768\" src=\"http:\/\/xn--werderaner-frchtchen-1ec.de\/wp-content\/uploads\/2024\/05\/IMG-20240522-WA0055-1024x768.jpg\" alt=\"\" class=\"wp-image-3822\" srcset=\"https:\/\/werderaner-fruechtchen.de\/wp-content\/uploads\/2024\/05\/IMG-20240522-WA0055-1024x768.jpg 1024w, https:\/\/werderaner-fruechtchen.de\/wp-content\/uploads\/2024\/05\/IMG-20240522-WA0055-300x225.jpg 300w, https:\/\/werderaner-fruechtchen.de\/wp-content\/uploads\/2024\/05\/IMG-20240522-WA0055-768x576.jpg 768w, https:\/\/werderaner-fruechtchen.de\/wp-content\/uploads\/2024\/05\/IMG-20240522-WA0055-1536x1152.jpg 1536w, https:\/\/werderaner-fruechtchen.de\/wp-content\/uploads\/2024\/05\/IMG-20240522-WA0055.jpg 2048w\" sizes=\"auto, (max-width: 1024px) 100vw, 1024px\" \/><\/a><\/figure>\n\n\n\n<p>Dieser Krippenwagen bietet unseren Kleinsten mehr Komfort und Sicherheit bei Ausfl\u00fcgen und erleichtert bei Spazierg\u00e4ngen in die Natur und Umgebung erheblich.<\/p>\n\n\n\n<p>Ein&nbsp;<strong>herzliches Dankesch\u00f6n<\/strong>&nbsp;geht an das gro\u00dfz\u00fcgige Unternehmen f\u00fcr diese wunderbare Unterst\u00fctzung.<\/p>\n\n\n\n<p>Ohne diese Spende w\u00e4re es uns nicht m\u00f6glich gewesen, den Krippenwagen zu erwerben.<\/p>\n\n\n\n<p>Der F\u00f6rderverein sagt DANKE<\/p>\n\n\n\n<p>Viele Gr\u00fc\u00dfe<\/p>\n\n\n\n<p>Euer F\u00f6rderverein<\/p>\n\n\n\n<figure class=\"wp-block-image is-resized\"><a href=\"http:\/\/xn--werderaner-frchtchen-1ec.de\/wp-content\/uploads\/2024\/04\/Original-on-Transparent.png\"><img loading=\"lazy\" decoding=\"async\" src=\"http:\/\/xn--werderaner-frchtchen-1ec.de\/wp-content\/uploads\/2024\/04\/Original-on-Transparent-1024x287.png\" alt=\"\" class=\"wp-image-3749\" width=\"512\" height=\"144\" srcset=\"https:\/\/werderaner-fruechtchen.de\/wp-content\/uploads\/2024\/04\/Original-on-Transparent-1024x287.png 1024w, https:\/\/werderaner-fruechtchen.de\/wp-content\/uploads\/2024\/04\/Original-on-Transparent-300x84.png 300w, https:\/\/werderaner-fruechtchen.de\/wp-content\/uploads\/2024\/04\/Original-on-Transparent-768x215.png 768w, https:\/\/werderaner-fruechtchen.de\/wp-content\/uploads\/2024\/04\/Original-on-Transparent-1536x430.png 1536w, https:\/\/werderaner-fruechtchen.de\/wp-content\/uploads\/2024\/04\/Original-on-Transparent-2048x573.png 2048w\" sizes=\"auto, (max-width: 512px) 100vw, 512px\" \/><\/a><\/figure>\n","protected":false},"excerpt":{"rendered":"<p>Dank einer gro\u00dfz\u00fcgigen Spende eines ortsans\u00e4ssigen Unternehmens konnte der F\u00f6rderverein bereits Anfang des Jahres einen neuen 8-Sitzer Krippenwagen mit viel Zubeh\u00f6r anschaffen! Dieser Krippenwagen bietet unseren Kleinsten mehr Komfort und Sicherheit bei Ausfl\u00fcgen und erleichtert bei Spazierg\u00e4ngen in die Natur und Umgebung erheblich. Ein&nbsp;herzliches Dankesch\u00f6n&nbsp;geht an das gro\u00dfz\u00fcgige Unternehmen f\u00fcr diese wunderbare Unterst\u00fctzung. Ohne diese [&hellip;]<\/p>\n","protected":false},"author":1,"featured_media":0,"parent":0,"menu_order":0,"comment_status":"closed","ping_status":"closed","template":"","meta":{"footnotes":""},"class_list":["post-3911","page","type-page","status-publish","hentry"],"_links":{"self":[{"href":"https:\/\/werderaner-fruechtchen.de\/index.php?rest_route=\/wp\/v2\/pages\/3911","targetHints":{"allow":["GET"]}}],"collection":[{"href":"https:\/\/werderaner-fruechtchen.de\/index.php?rest_route=\/wp\/v2\/pages"}],"about":[{"href":"https:\/\/werderaner-fruechtchen.de\/index.php?rest_route=\/wp\/v2\/types\/page"}],"author":[{"embeddable":true,"href":"https:\/\/werderaner-fruechtchen.de\/index.php?rest_route=\/wp\/v2\/users\/1"}],"replies":[{"embeddable":true,"href":"https:\/\/werderaner-fruechtchen.de\/index.php?rest_route=%2Fwp%2Fv2%2Fcomments&post=3911"}],"version-history":[{"count":1,"href":"https:\/\/werderaner-fruechtchen.de\/index.php?rest_route=\/wp\/v2\/pages\/3911\/revisions"}],"predecessor-version":[{"id":3912,"href":"https:\/\/werderaner-fruechtchen.de\/index.php?rest_route=\/wp\/v2\/pages\/3911\/revisions\/3912"}],"wp:attachment":[{"href":"https:\/\/werderaner-fruechtchen.de\/index.php?rest_route=%2Fwp%2Fv2%2Fmedia&parent=3911"}],"curies":[{"name":"wp","href":"https:\/\/api.w.org\/{rel}","templated":true}]}}