{"id":3906,"date":"2024-10-15T19:01:30","date_gmt":"2024-10-15T19:01:30","guid":{"rendered":"http:\/\/xn--werderaner-frchtchen-1ec.de\/?page_id=3906"},"modified":"2024-10-15T19:02:19","modified_gmt":"2024-10-15T19:02:19","slug":"neues-doppeltaxi-2024","status":"publish","type":"page","link":"https:\/\/werderaner-fruechtchen.de\/?page_id=3906","title":{"rendered":"Neues Doppeltaxi (2024)"},"content":{"rendered":"\n<p>Dank einer gro\u00dfz\u00fcgigen Spende eines Elternpaares aus unserer Kita konnte der F\u00f6rderverein ein&nbsp;<strong>neues Doppeltaxi<\/strong>&nbsp;anschaffen!<\/p>\n\n\n\n<figure class=\"wp-block-image\"><a href=\"http:\/\/xn--werderaner-frchtchen-1ec.de\/wp-content\/uploads\/2024\/05\/IMG-20240522-WA0007.jpg\"><img loading=\"lazy\" decoding=\"async\" width=\"1024\" height=\"768\" src=\"http:\/\/xn--werderaner-frchtchen-1ec.de\/wp-content\/uploads\/2024\/05\/IMG-20240522-WA0007-1024x768.jpg\" alt=\"\" class=\"wp-image-3819\" srcset=\"https:\/\/werderaner-fruechtchen.de\/wp-content\/uploads\/2024\/05\/IMG-20240522-WA0007-1024x768.jpg 1024w, https:\/\/werderaner-fruechtchen.de\/wp-content\/uploads\/2024\/05\/IMG-20240522-WA0007-300x225.jpg 300w, https:\/\/werderaner-fruechtchen.de\/wp-content\/uploads\/2024\/05\/IMG-20240522-WA0007-768x576.jpg 768w, https:\/\/werderaner-fruechtchen.de\/wp-content\/uploads\/2024\/05\/IMG-20240522-WA0007-1536x1152.jpg 1536w, https:\/\/werderaner-fruechtchen.de\/wp-content\/uploads\/2024\/05\/IMG-20240522-WA0007.jpg 2048w\" sizes=\"auto, (max-width: 1024px) 100vw, 1024px\" \/><\/a><\/figure>\n\n\n\n<p>In der k\u00fcrzlich durchgef\u00fchrten Kinderbefragung wurde dieser Wunsch durch die Kinder ge\u00e4u\u00dfert und wir sind gl\u00fccklich, diesen nun erf\u00fcllen zu k\u00f6nnen.<\/p>\n\n\n\n<p>Das Doppeltaxi wird das Spielen im Au\u00dfenbereich noch spannender und vielf\u00e4ltiger gestalten und den Kindern viel Freude bereiten. Es wurde bereits heute von den Kindern ausgiebig getestet und eingefahren.<\/p>\n\n\n\n<p>Ein&nbsp;<strong>herzliches<\/strong>&nbsp;<strong>Dankesch\u00f6n<\/strong>&nbsp;geht an die Eltern f\u00fcr diese wertvolle Unterst\u00fctzung!<\/p>\n\n\n\n<p>Ohne diese Spende w\u00e4re es uns nicht m\u00f6glich gewesen, das Doppeltaxi zu erwerben.<\/p>\n\n\n\n<p>Der F\u00f6rderverein sagt DANKE<\/p>\n\n\n\n<p>Viele Gr\u00fc\u00dfe<\/p>\n\n\n\n<p>Euer F\u00f6rderverein<\/p>\n\n\n\n<figure class=\"wp-block-image is-resized\"><a href=\"http:\/\/xn--werderaner-frchtchen-1ec.de\/wp-content\/uploads\/2023\/08\/Original-on-Transparent.png\"><img loading=\"lazy\" decoding=\"async\" src=\"http:\/\/xn--werderaner-frchtchen-1ec.de\/wp-content\/uploads\/2023\/08\/Original-on-Transparent-1024x287.png\" alt=\"\" class=\"wp-image-3399\" width=\"512\" height=\"144\" srcset=\"https:\/\/werderaner-fruechtchen.de\/wp-content\/uploads\/2023\/08\/Original-on-Transparent-1024x287.png 1024w, https:\/\/werderaner-fruechtchen.de\/wp-content\/uploads\/2023\/08\/Original-on-Transparent-300x84.png 300w, https:\/\/werderaner-fruechtchen.de\/wp-content\/uploads\/2023\/08\/Original-on-Transparent-768x215.png 768w, https:\/\/werderaner-fruechtchen.de\/wp-content\/uploads\/2023\/08\/Original-on-Transparent-1536x430.png 1536w, https:\/\/werderaner-fruechtchen.de\/wp-content\/uploads\/2023\/08\/Original-on-Transparent-2048x573.png 2048w\" sizes=\"auto, (max-width: 512px) 100vw, 512px\" \/><\/a><\/figure>\n","protected":false},"excerpt":{"rendered":"<p>Dank einer gro\u00dfz\u00fcgigen Spende eines Elternpaares aus unserer Kita konnte der F\u00f6rderverein ein&nbsp;neues Doppeltaxi&nbsp;anschaffen! In der k\u00fcrzlich durchgef\u00fchrten Kinderbefragung wurde dieser Wunsch durch die Kinder ge\u00e4u\u00dfert und wir sind gl\u00fccklich, diesen nun erf\u00fcllen zu k\u00f6nnen. Das Doppeltaxi wird das Spielen im Au\u00dfenbereich noch spannender und vielf\u00e4ltiger gestalten und den Kindern viel Freude bereiten. Es wurde [&hellip;]<\/p>\n","protected":false},"author":1,"featured_media":0,"parent":0,"menu_order":0,"comment_status":"closed","ping_status":"closed","template":"","meta":{"footnotes":""},"class_list":["post-3906","page","type-page","status-publish","hentry"],"_links":{"self":[{"href":"https:\/\/werderaner-fruechtchen.de\/index.php?rest_route=\/wp\/v2\/pages\/3906","targetHints":{"allow":["GET"]}}],"collection":[{"href":"https:\/\/werderaner-fruechtchen.de\/index.php?rest_route=\/wp\/v2\/pages"}],"about":[{"href":"https:\/\/werderaner-fruechtchen.de\/index.php?rest_route=\/wp\/v2\/types\/page"}],"author":[{"embeddable":true,"href":"https:\/\/werderaner-fruechtchen.de\/index.php?rest_route=\/wp\/v2\/users\/1"}],"replies":[{"embeddable":true,"href":"https:\/\/werderaner-fruechtchen.de\/index.php?rest_route=%2Fwp%2Fv2%2Fcomments&post=3906"}],"version-history":[{"count":2,"href":"https:\/\/werderaner-fruechtchen.de\/index.php?rest_route=\/wp\/v2\/pages\/3906\/revisions"}],"predecessor-version":[{"id":3909,"href":"https:\/\/werderaner-fruechtchen.de\/index.php?rest_route=\/wp\/v2\/pages\/3906\/revisions\/3909"}],"wp:attachment":[{"href":"https:\/\/werderaner-fruechtchen.de\/index.php?rest_route=%2Fwp%2Fv2%2Fmedia&parent=3906"}],"curies":[{"name":"wp","href":"https:\/\/api.w.org\/{rel}","templated":true}]}}