{"id":3903,"date":"2024-10-15T18:59:46","date_gmt":"2024-10-15T18:59:46","guid":{"rendered":"http:\/\/xn--werderaner-frchtchen-1ec.de\/?page_id=3903"},"modified":"2024-10-15T19:03:01","modified_gmt":"2024-10-15T19:03:01","slug":"2-neue-kindertaxen-2024","status":"publish","type":"page","link":"https:\/\/werderaner-fruechtchen.de\/?page_id=3903","title":{"rendered":"2 neue Kindertaxen (2024)"},"content":{"rendered":"\n<p>Dank einer gro\u00dfz\u00fcgigen Spende des M\u00f6belhauses C.H..R.I.S.T. konnte der F\u00f6rderverein&nbsp;<strong>zwei<\/strong>&nbsp;<strong>neue Kinder-Taxen&nbsp;<\/strong>anschaffen!<\/p>\n\n\n\n<p>In der Anfang des Jahres durchgef\u00fchrten Kinderbefragung wurde dieser Wunsch durch die Kinder ge\u00e4u\u00dfert und wir sind gl\u00fccklich, diesen mit der Anschaffung weiterer Fahrzeuge erf\u00fcllen zu k\u00f6nnen.<\/p>\n\n\n\n<p>Die Kinder-Taxen werden das Spielen im Au\u00dfenbereich noch spannender und vielf\u00e4ltiger gestalten und den Kindern viel Freude bereiten. Sie sind bereits ausgiebig durch die Kinder getestet und eingefahren worden.<\/p>\n\n\n\n<figure class=\"wp-block-image\"><a href=\"http:\/\/xn--werderaner-frchtchen-1ec.de\/wp-content\/uploads\/2024\/06\/Spender-MoebelCHRIST2.jpg\"><img loading=\"lazy\" decoding=\"async\" width=\"1024\" height=\"766\" src=\"http:\/\/xn--werderaner-frchtchen-1ec.de\/wp-content\/uploads\/2024\/06\/Spender-MoebelCHRIST2-1024x766.jpg\" alt=\"\" class=\"wp-image-3826\" srcset=\"https:\/\/werderaner-fruechtchen.de\/wp-content\/uploads\/2024\/06\/Spender-MoebelCHRIST2-1024x766.jpg 1024w, https:\/\/werderaner-fruechtchen.de\/wp-content\/uploads\/2024\/06\/Spender-MoebelCHRIST2-300x224.jpg 300w, https:\/\/werderaner-fruechtchen.de\/wp-content\/uploads\/2024\/06\/Spender-MoebelCHRIST2-768x574.jpg 768w, https:\/\/werderaner-fruechtchen.de\/wp-content\/uploads\/2024\/06\/Spender-MoebelCHRIST2.jpg 1451w\" sizes=\"auto, (max-width: 1024px) 100vw, 1024px\" \/><\/a><\/figure>\n\n\n\n<p class=\"has-medium-font-size\">Ein\u00a0<strong>herzliches<\/strong>\u00a0<strong>Dankesch\u00f6n<\/strong>\u00a0geht an\u00a0<img decoding=\"async\" style=\"width: 400px;\" src=\"http:\/\/xn--werderaner-frchtchen-1ec.de\/wp-content\/uploads\/2024\/06\/Logo-CHRIST-der-neue-1024x457-1.jpg\" alt=\"\">\u00a0f\u00fcr diese wertvolle Unterst\u00fctzung!<\/p>\n\n\n\n<p>Ohne diese Spende w\u00e4re es uns nicht m\u00f6glich gewesen, diese Fahrzeuge zu erwerben.<\/p>\n\n\n\n<p>Der F\u00f6rderverein sagt DANKE<\/p>\n\n\n\n<p>Viele Gr\u00fc\u00dfe<\/p>\n\n\n\n<p>Euer F\u00f6rderverein<\/p>\n\n\n\n<figure class=\"wp-block-image is-resized\"><a href=\"http:\/\/xn--werderaner-frchtchen-1ec.de\/wp-content\/uploads\/2023\/08\/Original-on-Transparent.png\"><img loading=\"lazy\" decoding=\"async\" src=\"http:\/\/xn--werderaner-frchtchen-1ec.de\/wp-content\/uploads\/2023\/08\/Original-on-Transparent-1024x287.png\" alt=\"\" class=\"wp-image-3399\" width=\"512\" height=\"144\" srcset=\"https:\/\/werderaner-fruechtchen.de\/wp-content\/uploads\/2023\/08\/Original-on-Transparent-1024x287.png 1024w, https:\/\/werderaner-fruechtchen.de\/wp-content\/uploads\/2023\/08\/Original-on-Transparent-300x84.png 300w, https:\/\/werderaner-fruechtchen.de\/wp-content\/uploads\/2023\/08\/Original-on-Transparent-768x215.png 768w, https:\/\/werderaner-fruechtchen.de\/wp-content\/uploads\/2023\/08\/Original-on-Transparent-1536x430.png 1536w, https:\/\/werderaner-fruechtchen.de\/wp-content\/uploads\/2023\/08\/Original-on-Transparent-2048x573.png 2048w\" sizes=\"auto, (max-width: 512px) 100vw, 512px\" \/><\/a><\/figure>\n","protected":false},"excerpt":{"rendered":"<p>Dank einer gro\u00dfz\u00fcgigen Spende des M\u00f6belhauses C.H..R.I.S.T. konnte der F\u00f6rderverein&nbsp;zwei&nbsp;neue Kinder-Taxen&nbsp;anschaffen! In der Anfang des Jahres durchgef\u00fchrten Kinderbefragung wurde dieser Wunsch durch die Kinder ge\u00e4u\u00dfert und wir sind gl\u00fccklich, diesen mit der Anschaffung weiterer Fahrzeuge erf\u00fcllen zu k\u00f6nnen. Die Kinder-Taxen werden das Spielen im Au\u00dfenbereich noch spannender und vielf\u00e4ltiger gestalten und den Kindern viel Freude [&hellip;]<\/p>\n","protected":false},"author":1,"featured_media":0,"parent":0,"menu_order":0,"comment_status":"closed","ping_status":"closed","template":"","meta":{"footnotes":""},"class_list":["post-3903","page","type-page","status-publish","hentry"],"_links":{"self":[{"href":"https:\/\/werderaner-fruechtchen.de\/index.php?rest_route=\/wp\/v2\/pages\/3903","targetHints":{"allow":["GET"]}}],"collection":[{"href":"https:\/\/werderaner-fruechtchen.de\/index.php?rest_route=\/wp\/v2\/pages"}],"about":[{"href":"https:\/\/werderaner-fruechtchen.de\/index.php?rest_route=\/wp\/v2\/types\/page"}],"author":[{"embeddable":true,"href":"https:\/\/werderaner-fruechtchen.de\/index.php?rest_route=\/wp\/v2\/users\/1"}],"replies":[{"embeddable":true,"href":"https:\/\/werderaner-fruechtchen.de\/index.php?rest_route=%2Fwp%2Fv2%2Fcomments&post=3903"}],"version-history":[{"count":2,"href":"https:\/\/werderaner-fruechtchen.de\/index.php?rest_route=\/wp\/v2\/pages\/3903\/revisions"}],"predecessor-version":[{"id":3910,"href":"https:\/\/werderaner-fruechtchen.de\/index.php?rest_route=\/wp\/v2\/pages\/3903\/revisions\/3910"}],"wp:attachment":[{"href":"https:\/\/werderaner-fruechtchen.de\/index.php?rest_route=%2Fwp%2Fv2%2Fmedia&parent=3903"}],"curies":[{"name":"wp","href":"https:\/\/api.w.org\/{rel}","templated":true}]}}