{"id":3899,"date":"2024-10-15T18:54:09","date_gmt":"2024-10-15T18:54:09","guid":{"rendered":"http:\/\/xn--werderaner-frchtchen-1ec.de\/?page_id=3899"},"modified":"2024-10-15T18:57:40","modified_gmt":"2024-10-15T18:57:40","slug":"xxl-sandspielzeugset","status":"publish","type":"page","link":"https:\/\/werderaner-fruechtchen.de\/?page_id=3899","title":{"rendered":"XXL-Sandspielzeugset (2024)"},"content":{"rendered":"\n<p>Dank einer gro\u00dfz\u00fcgigen Spende der Condio GmbH konnte der F\u00f6rderverein ein&nbsp;<strong>100-teiliges XXL Sandspielzeugset<\/strong>&nbsp;anschaffen!<\/p>\n\n\n\n<p>In der Anfang des Jahres durchgef\u00fchrten Kinderbefragung wurde dieser Wunsch durch die Kinder ge\u00e4u\u00dfert und wir sind gl\u00fccklich, diesen mit der Anschaffung dieses Sets erf\u00fcllen zu k\u00f6nnen.<\/p>\n\n\n\n<figure class=\"wp-block-image\"><a href=\"http:\/\/xn--werderaner-frchtchen-1ec.de\/wp-content\/uploads\/2024\/07\/20240615_204032-scaled.jpg\"><img loading=\"lazy\" decoding=\"async\" width=\"897\" height=\"1024\" src=\"http:\/\/xn--werderaner-frchtchen-1ec.de\/wp-content\/uploads\/2024\/07\/20240615_204032-897x1024.jpg\" alt=\"\" class=\"wp-image-3857\" srcset=\"https:\/\/werderaner-fruechtchen.de\/wp-content\/uploads\/2024\/07\/20240615_204032-897x1024.jpg 897w, https:\/\/werderaner-fruechtchen.de\/wp-content\/uploads\/2024\/07\/20240615_204032-263x300.jpg 263w, https:\/\/werderaner-fruechtchen.de\/wp-content\/uploads\/2024\/07\/20240615_204032-768x877.jpg 768w, https:\/\/werderaner-fruechtchen.de\/wp-content\/uploads\/2024\/07\/20240615_204032-1345x1536.jpg 1345w, https:\/\/werderaner-fruechtchen.de\/wp-content\/uploads\/2024\/07\/20240615_204032-1794x2048.jpg 1794w\" sizes=\"auto, (max-width: 897px) 100vw, 897px\" \/><\/a><\/figure>\n\n\n\n<p>Ein&nbsp;<strong>herzliches<\/strong>&nbsp;<strong>Dankesch\u00f6n<\/strong>&nbsp;geht an&nbsp;die Condio GmbH&nbsp;f\u00fcr diese wertvolle Unterst\u00fctzung!<\/p>\n\n\n\n<p>Ohne diese Spende w\u00e4re es uns nicht m\u00f6glich gewesen, dieses Set zu erwerben.<\/p>\n\n\n\n<p>Der F\u00f6rderverein sagt DANKE<\/p>\n\n\n\n<p>Viele Gr\u00fc\u00dfe<\/p>\n\n\n\n<p>Euer F\u00f6rderverein<\/p>\n\n\n\n<figure class=\"wp-block-image is-resized\"><a href=\"http:\/\/xn--werderaner-frchtchen-1ec.de\/wp-content\/uploads\/2021\/01\/Original-on-Transparent.png\"><img loading=\"lazy\" decoding=\"async\" src=\"http:\/\/xn--werderaner-frchtchen-1ec.de\/wp-content\/uploads\/2021\/01\/Original-on-Transparent-1024x287.png\" alt=\"\" class=\"wp-image-3005\" width=\"512\" height=\"144\" srcset=\"https:\/\/werderaner-fruechtchen.de\/wp-content\/uploads\/2021\/01\/Original-on-Transparent-1024x287.png 1024w, https:\/\/werderaner-fruechtchen.de\/wp-content\/uploads\/2021\/01\/Original-on-Transparent-300x84.png 300w, https:\/\/werderaner-fruechtchen.de\/wp-content\/uploads\/2021\/01\/Original-on-Transparent-768x215.png 768w, https:\/\/werderaner-fruechtchen.de\/wp-content\/uploads\/2021\/01\/Original-on-Transparent-1536x430.png 1536w, https:\/\/werderaner-fruechtchen.de\/wp-content\/uploads\/2021\/01\/Original-on-Transparent-2048x573.png 2048w\" sizes=\"auto, (max-width: 512px) 100vw, 512px\" \/><\/a><\/figure>\n","protected":false},"excerpt":{"rendered":"<p>Dank einer gro\u00dfz\u00fcgigen Spende der Condio GmbH konnte der F\u00f6rderverein ein&nbsp;100-teiliges XXL Sandspielzeugset&nbsp;anschaffen! In der Anfang des Jahres durchgef\u00fchrten Kinderbefragung wurde dieser Wunsch durch die Kinder ge\u00e4u\u00dfert und wir sind gl\u00fccklich, diesen mit der Anschaffung dieses Sets erf\u00fcllen zu k\u00f6nnen. Ein&nbsp;herzliches&nbsp;Dankesch\u00f6n&nbsp;geht an&nbsp;die Condio GmbH&nbsp;f\u00fcr diese wertvolle Unterst\u00fctzung! Ohne diese Spende w\u00e4re es uns nicht m\u00f6glich [&hellip;]<\/p>\n","protected":false},"author":1,"featured_media":0,"parent":0,"menu_order":0,"comment_status":"closed","ping_status":"closed","template":"","meta":{"footnotes":""},"class_list":["post-3899","page","type-page","status-publish","hentry"],"_links":{"self":[{"href":"https:\/\/werderaner-fruechtchen.de\/index.php?rest_route=\/wp\/v2\/pages\/3899","targetHints":{"allow":["GET"]}}],"collection":[{"href":"https:\/\/werderaner-fruechtchen.de\/index.php?rest_route=\/wp\/v2\/pages"}],"about":[{"href":"https:\/\/werderaner-fruechtchen.de\/index.php?rest_route=\/wp\/v2\/types\/page"}],"author":[{"embeddable":true,"href":"https:\/\/werderaner-fruechtchen.de\/index.php?rest_route=\/wp\/v2\/users\/1"}],"replies":[{"embeddable":true,"href":"https:\/\/werderaner-fruechtchen.de\/index.php?rest_route=%2Fwp%2Fv2%2Fcomments&post=3899"}],"version-history":[{"count":2,"href":"https:\/\/werderaner-fruechtchen.de\/index.php?rest_route=\/wp\/v2\/pages\/3899\/revisions"}],"predecessor-version":[{"id":3902,"href":"https:\/\/werderaner-fruechtchen.de\/index.php?rest_route=\/wp\/v2\/pages\/3899\/revisions\/3902"}],"wp:attachment":[{"href":"https:\/\/werderaner-fruechtchen.de\/index.php?rest_route=%2Fwp%2Fv2%2Fmedia&parent=3899"}],"curies":[{"name":"wp","href":"https:\/\/api.w.org\/{rel}","templated":true}]}}