{"id":3630,"date":"2023-12-14T18:39:06","date_gmt":"2023-12-14T18:39:06","guid":{"rendered":"http:\/\/xn--werderaner-frchtchen-1ec.de\/?page_id=3630"},"modified":"2025-01-11T19:25:45","modified_gmt":"2025-01-11T19:25:45","slug":"spendensammelaktionen","status":"publish","type":"page","link":"https:\/\/werderaner-fruechtchen.de\/?page_id=3630","title":{"rendered":"Spendensammelaktionen"},"content":{"rendered":"\n<p><strong>Shuuz<\/strong><\/p>\n\n\n\n<p>Der F\u00f6rderverein ist stolz darauf, sich aktiv am Spendenprojekt &#8222;SHUUZ &#8211; Gutes tun mit gebrauchten Schuhen&#8220; zu beteiligen. Jedes Jahr werden in Deutschland \u00fcber 600 Millionen Paar gebrauchte Schuhe aussortiert, von denen viele noch in gutem Zustand sind. Dieser riesige Schuhberg belastet nicht nur die Umwelt, sondern bietet auch eine ungenutzte Ressource f\u00fcr Menschen, die sich keine neuen Schuhe leisten k\u00f6nnen.<\/p>\n\n\n\n<p>In unsere Einrichtung, Haus 1 und Haus 2, haben wir spezielle Sammelboxen in den Wagenr\u00e4umen aufgestellt. Hier k\u00f6nnen Sie Ihre nicht mehr ben\u00f6tigten, aber gut erhaltenen Schuhe bequem ablegen. Der F\u00f6rderverein leitet die gesammelten Schuhe an SHUUZ weiter, um sie weltweit zu erschwinglichen Preisen an Menschen weiterzugeben, die sich ansonsten keine neuen Schuhe leisten k\u00f6nnten.<\/p>\n\n\n\n<p>Die erzielten Erl\u00f6se flie\u00dfen direkt in Projekte und Aktivit\u00e4ten f\u00fcr unsere Kinder, wodurch der F\u00f6rderverein einen nachhaltigen Beitrag zur Verbesserung unserer Einrichtung leisten kann.<\/p>\n\n\n\n<p>Ihre Schuhspenden sind nicht nur ein einfacher Akt der Wohlt\u00e4tigkeit, sondern auch ein Schritt in Richtung Umweltschutz und sozialer Verantwortung. Vielen Dank f\u00fcr Ihre Unterst\u00fctzung!<\/p>\n\n\n\n<p>Weitere Informationen:<br><a href=\"http:\/\/xn--werderaner-frchtchen-1ec.de\/wp-content\/uploads\/2023\/12\/Aushang_Shuuz2023.pdf\" target=\"_blank\" rel=\"noreferrer noopener\">Flyer Shuuz<\/a><br><a rel=\"noreferrer noopener\" href=\"http:\/\/xn--werderaner-frchtchen-1ec.de\/wp-content\/uploads\/2023\/12\/shuuz-nicht-tragbare-schuhe.pdf\" target=\"_blank\">Was wird gesammelt?\/Was sammeln wir nicht?<\/a><\/p>\n\n\n\n<p><\/p>\n\n\n\n<div class=\"wp-block-columns is-layout-flex wp-container-core-columns-is-layout-9d6595d7 wp-block-columns-is-layout-flex\">\n<div class=\"wp-block-column is-layout-flow wp-block-column-is-layout-flow\" style=\"flex-basis:66.66%\">\n<p><strong>Sammlung von Altpapier<\/strong><br><br>Der F\u00f6rderverein hat eine Kooperation mit der <em>WSZ Wertstoffzentrum und Recycling<\/em> <em>Brandenburg GmbH <\/em>zur Altpapiersammlung abgeschlossen.<br>F\u00fcr jede volle Tonne mit Altpapier erh\u00e4lt der F\u00f6rderverein einen Beitrag der WSZ.<br>In die aufgestellte Altpapiertonne d\u00fcrfen Zeitungen, Kataloge, Zeitschriften und Flyer eingeworfen werden.<br>Wir bitten darum <strong>keine Pappe<\/strong> <strong>oder Kartons<\/strong> einzuwerfen.<br>P. S.: Je schneller die Tonne voll ist, desto mehr Geld bekommt der F\u00f6rderverein der Kita. Helft mit und sammelt f\u00fcr die Kinder der Kita.<\/p>\n<\/div>\n\n\n\n<div class=\"wp-block-column is-layout-flow wp-block-column-is-layout-flow\" style=\"flex-basis:33.33%\">\n<figure class=\"wp-block-image size-large is-resized\"><a href=\"http:\/\/xn--werderaner-frchtchen-1ec.de\/wp-content\/uploads\/2023\/06\/Foto_Muelli.jpg\"><img loading=\"lazy\" decoding=\"async\" src=\"http:\/\/xn--werderaner-frchtchen-1ec.de\/wp-content\/uploads\/2023\/06\/Foto_Muelli-1024x796.jpg\" alt=\"\" class=\"wp-image-3278\" width=\"256\" height=\"199\" srcset=\"https:\/\/werderaner-fruechtchen.de\/wp-content\/uploads\/2023\/06\/Foto_Muelli-1024x796.jpg 1024w, https:\/\/werderaner-fruechtchen.de\/wp-content\/uploads\/2023\/06\/Foto_Muelli-300x233.jpg 300w, https:\/\/werderaner-fruechtchen.de\/wp-content\/uploads\/2023\/06\/Foto_Muelli-768x597.jpg 768w, https:\/\/werderaner-fruechtchen.de\/wp-content\/uploads\/2023\/06\/Foto_Muelli.jpg 1200w\" sizes=\"auto, (max-width: 256px) 100vw, 256px\" \/><\/a><\/figure>\n<\/div>\n<\/div>\n\n\n\n<p><\/p>\n","protected":false},"excerpt":{"rendered":"<p>Shuuz Der F\u00f6rderverein ist stolz darauf, sich aktiv am Spendenprojekt &#8222;SHUUZ &#8211; Gutes tun mit gebrauchten Schuhen&#8220; zu beteiligen. Jedes Jahr werden in Deutschland \u00fcber 600 Millionen Paar gebrauchte Schuhe aussortiert, von denen viele noch in gutem Zustand sind. Dieser riesige Schuhberg belastet nicht nur die Umwelt, sondern bietet auch eine ungenutzte Ressource f\u00fcr Menschen, [&hellip;]<\/p>\n","protected":false},"author":1,"featured_media":0,"parent":0,"menu_order":0,"comment_status":"closed","ping_status":"closed","template":"","meta":{"footnotes":""},"class_list":["post-3630","page","type-page","status-publish","hentry"],"_links":{"self":[{"href":"https:\/\/werderaner-fruechtchen.de\/index.php?rest_route=\/wp\/v2\/pages\/3630","targetHints":{"allow":["GET"]}}],"collection":[{"href":"https:\/\/werderaner-fruechtchen.de\/index.php?rest_route=\/wp\/v2\/pages"}],"about":[{"href":"https:\/\/werderaner-fruechtchen.de\/index.php?rest_route=\/wp\/v2\/types\/page"}],"author":[{"embeddable":true,"href":"https:\/\/werderaner-fruechtchen.de\/index.php?rest_route=\/wp\/v2\/users\/1"}],"replies":[{"embeddable":true,"href":"https:\/\/werderaner-fruechtchen.de\/index.php?rest_route=%2Fwp%2Fv2%2Fcomments&post=3630"}],"version-history":[{"count":9,"href":"https:\/\/werderaner-fruechtchen.de\/index.php?rest_route=\/wp\/v2\/pages\/3630\/revisions"}],"predecessor-version":[{"id":3955,"href":"https:\/\/werderaner-fruechtchen.de\/index.php?rest_route=\/wp\/v2\/pages\/3630\/revisions\/3955"}],"wp:attachment":[{"href":"https:\/\/werderaner-fruechtchen.de\/index.php?rest_route=%2Fwp%2Fv2%2Fmedia&parent=3630"}],"curies":[{"name":"wp","href":"https:\/\/api.w.org\/{rel}","templated":true}]}}