{"id":3353,"date":"2023-07-18T18:48:35","date_gmt":"2023-07-18T18:48:35","guid":{"rendered":"http:\/\/xn--werderaner-frchtchen-1ec.de\/?page_id=3353"},"modified":"2023-09-26T18:16:48","modified_gmt":"2023-09-26T18:16:48","slug":"warnwesten","status":"publish","type":"page","link":"https:\/\/werderaner-fruechtchen.de\/?page_id=3353","title":{"rendered":"Warnwesten (2023)"},"content":{"rendered":"\n<p>Im Rahmen des diesj\u00e4hrigen Sommerfestes \u00fcberreichten die Vorstandsmitgliederinnen des F\u00f6rdervereins der Kitaleitung feierlich <strong>60<\/strong>&nbsp;neue&nbsp;<strong>Kinderwarnwesten&nbsp;<\/strong>f\u00fcr zuk\u00fcnftige Ausfl\u00fcge der Kitagruppen. Finanziert wurden diese durch den Erl\u00f6s des Kuchenbasars zum Baumbl\u00fctenfest 2023.<\/p>\n\n\n\n<figure class=\"wp-block-image size-medium\"><a href=\"http:\/\/xn--werderaner-frchtchen-1ec.de\/wp-content\/uploads\/2023\/07\/IMG-20230714-WA0049.jpg\" target=\"_blank\" rel=\"noreferrer noopener\"><img loading=\"lazy\" decoding=\"async\" width=\"300\" height=\"255\" src=\"http:\/\/xn--werderaner-frchtchen-1ec.de\/wp-content\/uploads\/2023\/07\/IMG-20230714-WA0049-300x255.jpg\" alt=\"\u00dcbergabe der Warnwesten\" class=\"wp-image-3322\" srcset=\"https:\/\/werderaner-fruechtchen.de\/wp-content\/uploads\/2023\/07\/IMG-20230714-WA0049-300x255.jpg 300w, https:\/\/werderaner-fruechtchen.de\/wp-content\/uploads\/2023\/07\/IMG-20230714-WA0049-1024x870.jpg 1024w, https:\/\/werderaner-fruechtchen.de\/wp-content\/uploads\/2023\/07\/IMG-20230714-WA0049-768x653.jpg 768w, https:\/\/werderaner-fruechtchen.de\/wp-content\/uploads\/2023\/07\/IMG-20230714-WA0049.jpg 1407w\" sizes=\"auto, (max-width: 300px) 100vw, 300px\" \/><\/a><figcaption class=\"wp-element-caption\">\u00dcbergabe der Warnwesten<\/figcaption><\/figure>\n\n\n\n<p>Die Warnwesten sollen die Sicherheit der Kinder w\u00e4hrend Ausfl\u00fcgen verbessern, ihre Sichtbarkeit erh\u00f6hen und ein Gef\u00fchl der Zugeh\u00f6rigkeit f\u00f6rdern. Zus\u00e4tzlich ist die Telefonnummer der Kindertagesst\u00e4tte f\u00fcr Notf\u00e4lle angegeben.<br><br><img loading=\"lazy\" decoding=\"async\" width=\"200\" height=\"200\" class=\"wp-image-3351\" style=\"width: 200px;\" src=\"http:\/\/xn--werderaner-frchtchen-1ec.de\/wp-content\/uploads\/2023\/07\/IMG-20230717-WA0051.jpg\" alt=\"\" srcset=\"https:\/\/werderaner-fruechtchen.de\/wp-content\/uploads\/2023\/07\/IMG-20230717-WA0051.jpg 2048w, https:\/\/werderaner-fruechtchen.de\/wp-content\/uploads\/2023\/07\/IMG-20230717-WA0051-300x300.jpg 300w, https:\/\/werderaner-fruechtchen.de\/wp-content\/uploads\/2023\/07\/IMG-20230717-WA0051-1024x1024.jpg 1024w, https:\/\/werderaner-fruechtchen.de\/wp-content\/uploads\/2023\/07\/IMG-20230717-WA0051-150x150.jpg 150w, https:\/\/werderaner-fruechtchen.de\/wp-content\/uploads\/2023\/07\/IMG-20230717-WA0051-768x768.jpg 768w, https:\/\/werderaner-fruechtchen.de\/wp-content\/uploads\/2023\/07\/IMG-20230717-WA0051-1536x1536.jpg 1536w\" sizes=\"auto, (max-width: 200px) 100vw, 200px\" \/><br><br>Wir freuen uns, dass die Warnwesten bereits bei vielen Ausfl\u00fcgen genutzt wurden:<br><br><img loading=\"lazy\" decoding=\"async\" width=\"300\" height=\"225\" class=\"wp-image-3368\" style=\"width: 300px;\" src=\"http:\/\/xn--werderaner-frchtchen-1ec.de\/wp-content\/uploads\/2023\/07\/IMG-20230726-Homepage.jpg\" alt=\"\" srcset=\"https:\/\/werderaner-fruechtchen.de\/wp-content\/uploads\/2023\/07\/IMG-20230726-Homepage.jpg 1599w, https:\/\/werderaner-fruechtchen.de\/wp-content\/uploads\/2023\/07\/IMG-20230726-Homepage-300x225.jpg 300w, https:\/\/werderaner-fruechtchen.de\/wp-content\/uploads\/2023\/07\/IMG-20230726-Homepage-1024x768.jpg 1024w, https:\/\/werderaner-fruechtchen.de\/wp-content\/uploads\/2023\/07\/IMG-20230726-Homepage-768x576.jpg 768w, https:\/\/werderaner-fruechtchen.de\/wp-content\/uploads\/2023\/07\/IMG-20230726-Homepage-1536x1153.jpg 1536w\" sizes=\"auto, (max-width: 300px) 100vw, 300px\" \/><\/p>\n","protected":false},"excerpt":{"rendered":"<p>Im Rahmen des diesj\u00e4hrigen Sommerfestes \u00fcberreichten die Vorstandsmitgliederinnen des F\u00f6rdervereins der Kitaleitung feierlich 60&nbsp;neue&nbsp;Kinderwarnwesten&nbsp;f\u00fcr zuk\u00fcnftige Ausfl\u00fcge der Kitagruppen. Finanziert wurden diese durch den Erl\u00f6s des Kuchenbasars zum Baumbl\u00fctenfest 2023. Die Warnwesten sollen die Sicherheit der Kinder w\u00e4hrend Ausfl\u00fcgen verbessern, ihre Sichtbarkeit erh\u00f6hen und ein Gef\u00fchl der Zugeh\u00f6rigkeit f\u00f6rdern. Zus\u00e4tzlich ist die Telefonnummer der Kindertagesst\u00e4tte f\u00fcr [&hellip;]<\/p>\n","protected":false},"author":838,"featured_media":0,"parent":18,"menu_order":0,"comment_status":"closed","ping_status":"closed","template":"","meta":{"footnotes":""},"class_list":["post-3353","page","type-page","status-publish","hentry"],"_links":{"self":[{"href":"https:\/\/werderaner-fruechtchen.de\/index.php?rest_route=\/wp\/v2\/pages\/3353","targetHints":{"allow":["GET"]}}],"collection":[{"href":"https:\/\/werderaner-fruechtchen.de\/index.php?rest_route=\/wp\/v2\/pages"}],"about":[{"href":"https:\/\/werderaner-fruechtchen.de\/index.php?rest_route=\/wp\/v2\/types\/page"}],"author":[{"embeddable":true,"href":"https:\/\/werderaner-fruechtchen.de\/index.php?rest_route=\/wp\/v2\/users\/838"}],"replies":[{"embeddable":true,"href":"https:\/\/werderaner-fruechtchen.de\/index.php?rest_route=%2Fwp%2Fv2%2Fcomments&post=3353"}],"version-history":[{"count":6,"href":"https:\/\/werderaner-fruechtchen.de\/index.php?rest_route=\/wp\/v2\/pages\/3353\/revisions"}],"predecessor-version":[{"id":3499,"href":"https:\/\/werderaner-fruechtchen.de\/index.php?rest_route=\/wp\/v2\/pages\/3353\/revisions\/3499"}],"up":[{"embeddable":true,"href":"https:\/\/werderaner-fruechtchen.de\/index.php?rest_route=\/wp\/v2\/pages\/18"}],"wp:attachment":[{"href":"https:\/\/werderaner-fruechtchen.de\/index.php?rest_route=%2Fwp%2Fv2%2Fmedia&parent=3353"}],"curies":[{"name":"wp","href":"https:\/\/api.w.org\/{rel}","templated":true}]}}