{"id":3291,"date":"2023-07-03T19:00:44","date_gmt":"2023-07-03T19:00:44","guid":{"rendered":"http:\/\/xn--werderaner-frchtchen-1ec.de\/?page_id=3291"},"modified":"2025-11-17T21:04:32","modified_gmt":"2025-11-17T20:04:32","slug":"kitaessen","status":"publish","type":"page","link":"https:\/\/werderaner-fruechtchen.de\/?page_id=3291","title":{"rendered":"Kitaessen"},"content":{"rendered":"\n<p>Unsere Kita wird durch den Caterer <strong><a href=\"https:\/\/drei-koeche.de\/\">Drei K\u00f6che GmbH<\/a><\/strong> t\u00e4glich mit frischem Essen f\u00fcr die Kinder versorgt.<\/p>\n\n\n\n<p><\/p>\n","protected":false},"excerpt":{"rendered":"<p>Unsere Kita wird durch den Caterer Drei K\u00f6che GmbH t\u00e4glich mit frischem Essen f\u00fcr die Kinder versorgt.<\/p>\n","protected":false},"author":1,"featured_media":0,"parent":11,"menu_order":4,"comment_status":"closed","ping_status":"closed","template":"","meta":{"footnotes":""},"class_list":["post-3291","page","type-page","status-publish","hentry"],"_links":{"self":[{"href":"https:\/\/werderaner-fruechtchen.de\/index.php?rest_route=\/wp\/v2\/pages\/3291","targetHints":{"allow":["GET"]}}],"collection":[{"href":"https:\/\/werderaner-fruechtchen.de\/index.php?rest_route=\/wp\/v2\/pages"}],"about":[{"href":"https:\/\/werderaner-fruechtchen.de\/index.php?rest_route=\/wp\/v2\/types\/page"}],"author":[{"embeddable":true,"href":"https:\/\/werderaner-fruechtchen.de\/index.php?rest_route=\/wp\/v2\/users\/1"}],"replies":[{"embeddable":true,"href":"https:\/\/werderaner-fruechtchen.de\/index.php?rest_route=%2Fwp%2Fv2%2Fcomments&post=3291"}],"version-history":[{"count":93,"href":"https:\/\/werderaner-fruechtchen.de\/index.php?rest_route=\/wp\/v2\/pages\/3291\/revisions"}],"predecessor-version":[{"id":4197,"href":"https:\/\/werderaner-fruechtchen.de\/index.php?rest_route=\/wp\/v2\/pages\/3291\/revisions\/4197"}],"up":[{"embeddable":true,"href":"https:\/\/werderaner-fruechtchen.de\/index.php?rest_route=\/wp\/v2\/pages\/11"}],"wp:attachment":[{"href":"https:\/\/werderaner-fruechtchen.de\/index.php?rest_route=%2Fwp%2Fv2%2Fmedia&parent=3291"}],"curies":[{"name":"wp","href":"https:\/\/api.w.org\/{rel}","templated":true}]}}