{"id":3215,"date":"2023-05-09T18:35:43","date_gmt":"2023-05-09T18:35:43","guid":{"rendered":"http:\/\/xn--werderaner-frchtchen-1ec.de\/?page_id=3215"},"modified":"2025-06-17T11:10:38","modified_gmt":"2025-06-17T09:10:38","slug":"der-vorstand","status":"publish","type":"page","link":"https:\/\/werderaner-fruechtchen.de\/?page_id=3215","title":{"rendered":"Der Vorstand"},"content":{"rendered":"\n<table id=\"tablepress-9\" class=\"tablepress tablepress-id-9\">\n<tbody class=\"row-striping row-hover\">\n<tr class=\"row-1\">\n\t<td class=\"column-1\"><a href=\"http:\/\/xn--werderaner-frchtchen-1ec.de\/wp-content\/uploads\/2025\/04\/IMG_3865-scaled.jpeg\"><img loading=\"lazy\" decoding=\"async\" src=\"http:\/\/xn--werderaner-frchtchen-1ec.de\/wp-content\/uploads\/2025\/04\/IMG_3865-225x300.jpeg\" alt=\"\" width=\"225\" height=\"300\" class=\"alignright size-medium wp-image-4032\" srcset=\"https:\/\/werderaner-fruechtchen.de\/wp-content\/uploads\/2025\/04\/IMG_3865-225x300.jpeg 225w, https:\/\/werderaner-fruechtchen.de\/wp-content\/uploads\/2025\/04\/IMG_3865-768x1024.jpeg 768w, https:\/\/werderaner-fruechtchen.de\/wp-content\/uploads\/2025\/04\/IMG_3865-1152x1536.jpeg 1152w, https:\/\/werderaner-fruechtchen.de\/wp-content\/uploads\/2025\/04\/IMG_3865-1536x2048.jpeg 1536w, https:\/\/werderaner-fruechtchen.de\/wp-content\/uploads\/2025\/04\/IMG_3865-scaled.jpeg 1920w\" sizes=\"auto, (max-width: 225px) 100vw, 225px\" \/><\/a><\/td><td class=\"column-2\"><strong>Marie Hillebrandt <\/strong>(Vorstandsvorsitzende)<br \/>\nErziehungswissenschaftlerin<br \/>\n<br \/>\n\u201eMein Sohn ist ein s\u00fc\u00dfer Apfel und wir freuen uns sehr, Teil der Werderaner Fr\u00fcchtchen zu sein. Unsere Kita lebt von einer tollen Gemeinschaft und es ist eine gro\u00dfe Freude, dass wir mit den vielen Eltern und Mitarbeiter:innen aus einem so gro\u00dfen Pool an Ideen, Anregungen und tatkr\u00e4ftigem Engagement sch\u00f6pfen k\u00f6nnen.<br \/>\nIch m\u00f6chte mich daher als Vorstandsvorsitzende f\u00fcr alles einsetzen, was unsere Gemeinschaft und die unbeschwerte Entfaltung unserer Kinder hier st\u00e4rkt. F\u00fchlt euch herzlich eingeladen, mich auch pers\u00f6nlich anzusprechen: ich freue mich \u00fcber Ideen, Feedback und Hinweise.\"<\/td>\n<\/tr>\n<tr class=\"row-2\">\n\t<td class=\"column-1\"><a href=\"http:\/\/xn--werderaner-frchtchen-1ec.de\/wp-content\/uploads\/2024\/04\/Hanna_Berger.jpg\"><img loading=\"lazy\" decoding=\"async\" src=\"http:\/\/xn--werderaner-frchtchen-1ec.de\/wp-content\/uploads\/2024\/04\/Hanna_Berger-225x300.jpg\" alt=\"\" width=\"225\" height=\"300\" class=\"alignright size-medium wp-image-3770\" srcset=\"https:\/\/werderaner-fruechtchen.de\/wp-content\/uploads\/2024\/04\/Hanna_Berger-225x300.jpg 225w, https:\/\/werderaner-fruechtchen.de\/wp-content\/uploads\/2024\/04\/Hanna_Berger-768x1025.jpg 768w, https:\/\/werderaner-fruechtchen.de\/wp-content\/uploads\/2024\/04\/Hanna_Berger-1151x1536.jpg 1151w, https:\/\/werderaner-fruechtchen.de\/wp-content\/uploads\/2024\/04\/Hanna_Berger.jpg 1419w\" sizes=\"auto, (max-width: 225px) 100vw, 225px\" \/><\/a><\/td><td class=\"column-2\"><strong>Hanna Berger<\/strong> (Finanzen)<br \/>\nBiologin\/Wissenschaftskommunikation<br \/>\n<br \/>\n\u201eF\u00fcr meine zwei Sauerkirschen und alle Kinder w\u00fcnsche ich mir eine gl\u00fcckliche Kita-Zeit in einer anregenden Spiel- und Lernumgebung. Daher freue ich mich, mit allen Aktiven die Kita tatkr\u00e4ftig unterst\u00fctzen zu k\u00f6nnen. Ich k\u00fcmmere mich im Amt der Kassiererin um die Finanzen im Verein und packe auch gern bei unseren Aktionen mit an.\u201c<\/td>\n<\/tr>\n<tr class=\"row-3\">\n\t<td class=\"column-1\"><a href=\"http:\/\/xn--werderaner-frchtchen-1ec.de\/wp-content\/uploads\/2025\/04\/IMG_3871-scaled.jpeg\"><img loading=\"lazy\" decoding=\"async\" src=\"http:\/\/xn--werderaner-frchtchen-1ec.de\/wp-content\/uploads\/2025\/04\/IMG_3871-225x300.jpeg\" alt=\"\" width=\"225\" height=\"300\" class=\"alignright size-medium wp-image-4031\" srcset=\"https:\/\/werderaner-fruechtchen.de\/wp-content\/uploads\/2025\/04\/IMG_3871-225x300.jpeg 225w, https:\/\/werderaner-fruechtchen.de\/wp-content\/uploads\/2025\/04\/IMG_3871-768x1024.jpeg 768w, https:\/\/werderaner-fruechtchen.de\/wp-content\/uploads\/2025\/04\/IMG_3871-1152x1536.jpeg 1152w, https:\/\/werderaner-fruechtchen.de\/wp-content\/uploads\/2025\/04\/IMG_3871-1536x2048.jpeg 1536w, https:\/\/werderaner-fruechtchen.de\/wp-content\/uploads\/2025\/04\/IMG_3871-scaled.jpeg 1920w\" sizes=\"auto, (max-width: 225px) 100vw, 225px\" \/><\/a><\/td><td class=\"column-2\"><strong>Celine R\u00fcckert <\/strong>(Schriftf\u00fchrerin)<br \/>\nSozialarbeiterin\/Sozialp\u00e4dagogin<br \/>\n<br \/>\n\u201eIch bin Mama einer Erdbeere und freue mich sehr darauf, den F\u00f6rderverein mit meinen Ideen, meiner Lust am Anpacken und meiner Freude an neuen Herausforderungen zu unterst\u00fctzen. Ich hoffe, dass wir viele Projekte und Einf\u00e4lle der Eltern, Mitglieder, der Erzieher*innen und der Kitaleitung umsetzen k\u00f6nnen, sodass wir gemeinsam den Kindern  viele, wundersch\u00f6ne, unvergessliche Erinnerungen erm\u00f6glichen.\"<\/td>\n<\/tr>\n<\/tbody>\n<\/table>\n<!-- #tablepress-9 from cache -->\n\n\n\n<p>Bei Fragen k\u00f6nnen Sie sich gern an uns wenden unter: <strong><a href=\"mailto:info@werderaner-fruechtchen.de\">info@werderaner-fruechtchen.de<\/a><\/strong>.<\/p>\n\n\n\n<p><\/p>\n","protected":false},"excerpt":{"rendered":"<p>Bei Fragen k\u00f6nnen Sie sich gern an uns wenden unter: info@werderaner-fruechtchen.de.<\/p>\n","protected":false},"author":838,"featured_media":0,"parent":6,"menu_order":1,"comment_status":"closed","ping_status":"closed","template":"","meta":{"footnotes":""},"class_list":["post-3215","page","type-page","status-publish","hentry"],"_links":{"self":[{"href":"https:\/\/werderaner-fruechtchen.de\/index.php?rest_route=\/wp\/v2\/pages\/3215","targetHints":{"allow":["GET"]}}],"collection":[{"href":"https:\/\/werderaner-fruechtchen.de\/index.php?rest_route=\/wp\/v2\/pages"}],"about":[{"href":"https:\/\/werderaner-fruechtchen.de\/index.php?rest_route=\/wp\/v2\/types\/page"}],"author":[{"embeddable":true,"href":"https:\/\/werderaner-fruechtchen.de\/index.php?rest_route=\/wp\/v2\/users\/838"}],"replies":[{"embeddable":true,"href":"https:\/\/werderaner-fruechtchen.de\/index.php?rest_route=%2Fwp%2Fv2%2Fcomments&post=3215"}],"version-history":[{"count":6,"href":"https:\/\/werderaner-fruechtchen.de\/index.php?rest_route=\/wp\/v2\/pages\/3215\/revisions"}],"predecessor-version":[{"id":4090,"href":"https:\/\/werderaner-fruechtchen.de\/index.php?rest_route=\/wp\/v2\/pages\/3215\/revisions\/4090"}],"up":[{"embeddable":true,"href":"https:\/\/werderaner-fruechtchen.de\/index.php?rest_route=\/wp\/v2\/pages\/6"}],"wp:attachment":[{"href":"https:\/\/werderaner-fruechtchen.de\/index.php?rest_route=%2Fwp%2Fv2%2Fmedia&parent=3215"}],"curies":[{"name":"wp","href":"https:\/\/api.w.org\/{rel}","templated":true}]}}