{"id":3021,"date":"2021-01-06T19:27:03","date_gmt":"2021-01-06T19:27:03","guid":{"rendered":"http:\/\/xn--werderaner-frchtchen-1ec.de\/?page_id=3021"},"modified":"2021-01-06T19:27:03","modified_gmt":"2021-01-06T19:27:03","slug":"bobby-cars-2019","status":"publish","type":"page","link":"https:\/\/werderaner-fruechtchen.de\/?page_id=3021","title":{"rendered":"Bobby-Cars (2019)"},"content":{"rendered":"\n<p>F\u00fcnf schicke wei\u00dfe Flitzer sorgen seit Dezember 2019 f\u00fcr leuchtende Kinderaugen. Erm\u00f6glicht und finanziert wurden sie durch eine gro\u00dfz\u00fcgige Spende der VR-Bank Fl\u00e4ming eG Gesch\u00e4ftsstelle Werder. P\u00fcnktlich vor Weihnachten, am 19. Dezember 2019, wurden sie von Nicolas Geisler im Namen des F\u00f6rdervereins an den Fr\u00fcchtchen-Erzieher Marcel Schuhmacher im Namen der Kita \u00fcbergeben. Charlotte, Karl, Hector und Luisa durften schon mal probefahren und haben die Bobbycars im VW Beetle Design f\u00fcr gut befunden.<\/p>\n\n\n\n<p>Wir bedanken uns ganz herzlich bei der VR Bank Fl\u00e4ming eG in Werder f\u00fcr die Unterst\u00fctzung. Den Kindern w\u00fcnschen wir allzeit gute Fahrt und sch\u00f6ne Weihnachten!<\/p>\n\n\n\n<figure class=\"wp-block-image size-large is-resized is-style-default\"><a href=\"http:\/\/xn--werderaner-frchtchen-1ec.de\/wp-content\/uploads\/2019\/12\/Bobbycars_VR-Bank_2019-1.jpg\"><img loading=\"lazy\" decoding=\"async\" src=\"http:\/\/xn--werderaner-frchtchen-1ec.de\/wp-content\/uploads\/2019\/12\/Bobbycars_VR-Bank_2019-1-1024x680.jpg\" alt=\"\" class=\"wp-image-2609\" width=\"768\" height=\"510\" srcset=\"https:\/\/werderaner-fruechtchen.de\/wp-content\/uploads\/2019\/12\/Bobbycars_VR-Bank_2019-1-1024x680.jpg 1024w, https:\/\/werderaner-fruechtchen.de\/wp-content\/uploads\/2019\/12\/Bobbycars_VR-Bank_2019-1-300x199.jpg 300w, https:\/\/werderaner-fruechtchen.de\/wp-content\/uploads\/2019\/12\/Bobbycars_VR-Bank_2019-1-768x510.jpg 768w\" sizes=\"auto, (max-width: 768px) 100vw, 768px\" \/><\/a><\/figure>\n","protected":false},"excerpt":{"rendered":"<p>F\u00fcnf schicke wei\u00dfe Flitzer sorgen seit Dezember 2019 f\u00fcr leuchtende Kinderaugen. Erm\u00f6glicht und finanziert wurden sie durch eine gro\u00dfz\u00fcgige Spende der VR-Bank Fl\u00e4ming eG Gesch\u00e4ftsstelle Werder. P\u00fcnktlich vor Weihnachten, am 19. Dezember 2019, wurden sie von Nicolas Geisler im Namen des F\u00f6rdervereins an den Fr\u00fcchtchen-Erzieher Marcel Schuhmacher im Namen der Kita \u00fcbergeben. Charlotte, Karl, Hector [&hellip;]<\/p>\n","protected":false},"author":1,"featured_media":0,"parent":18,"menu_order":0,"comment_status":"closed","ping_status":"closed","template":"","meta":{"footnotes":""},"class_list":["post-3021","page","type-page","status-publish","hentry"],"_links":{"self":[{"href":"https:\/\/werderaner-fruechtchen.de\/index.php?rest_route=\/wp\/v2\/pages\/3021","targetHints":{"allow":["GET"]}}],"collection":[{"href":"https:\/\/werderaner-fruechtchen.de\/index.php?rest_route=\/wp\/v2\/pages"}],"about":[{"href":"https:\/\/werderaner-fruechtchen.de\/index.php?rest_route=\/wp\/v2\/types\/page"}],"author":[{"embeddable":true,"href":"https:\/\/werderaner-fruechtchen.de\/index.php?rest_route=\/wp\/v2\/users\/1"}],"replies":[{"embeddable":true,"href":"https:\/\/werderaner-fruechtchen.de\/index.php?rest_route=%2Fwp%2Fv2%2Fcomments&post=3021"}],"version-history":[{"count":1,"href":"https:\/\/werderaner-fruechtchen.de\/index.php?rest_route=\/wp\/v2\/pages\/3021\/revisions"}],"predecessor-version":[{"id":3022,"href":"https:\/\/werderaner-fruechtchen.de\/index.php?rest_route=\/wp\/v2\/pages\/3021\/revisions\/3022"}],"up":[{"embeddable":true,"href":"https:\/\/werderaner-fruechtchen.de\/index.php?rest_route=\/wp\/v2\/pages\/18"}],"wp:attachment":[{"href":"https:\/\/werderaner-fruechtchen.de\/index.php?rest_route=%2Fwp%2Fv2%2Fmedia&parent=3021"}],"curies":[{"name":"wp","href":"https:\/\/api.w.org\/{rel}","templated":true}]}}