{"id":18,"date":"2011-04-04T09:00:44","date_gmt":"2011-04-04T09:00:44","guid":{"rendered":"http:\/\/xn--werderaner-frchtchen-1ec.de\/wordpress\/?page_id=18"},"modified":"2025-09-25T08:40:45","modified_gmt":"2025-09-25T06:40:45","slug":"projekte","status":"publish","type":"page","link":"https:\/\/werderaner-fruechtchen.de\/?page_id=18","title":{"rendered":"Fr\u00fcchte eurer Spenden"},"content":{"rendered":"\n<p><\/p>\n\n\n\n<h3 class=\"wp-block-heading\">Wir sagen Danke!<\/h3>\n\n\n\n<p>Dank euch hat der F\u00f6rderverein seit 2007 viele verschiedene Projekte der Kita unterst\u00fctzt und f\u00fcr leuchtende Kinderaugen gesorgt. <\/p>\n\n\n\n<p>Der Verein finanzierte so z. B. in den letzten Jahren regelm\u00e4\u00dfig:<\/p>\n\n\n\n<p>&#8211; <strong>Spielger\u00e4te <\/strong>und <strong>Spielzeug <\/strong>f\u00fcr den Innen- und Au\u00dfenbereich<\/p>\n\n\n\n<p>&#8211; zus\u00e4tzliche <strong>Ausstattung <\/strong>wie Spielteppiche, Kuschelecken und mehr<\/p>\n\n\n\n<p>&#8211; die <strong>Busfahrten<\/strong> der Abschlussfahrten der Vorschulkinder<\/p>\n\n\n\n<p>&#8211; das <strong>Catering<\/strong> f\u00fcr unser gro\u00dfes Sommerfest und f\u00fcr das Laternenfest.<\/p>\n\n\n\n<p>&#8211; <strong>Highlights <\/strong>bei Festen, wie Zaubershow, Puppentheater beim Sommerfest oder Musikalische Live-Begleitung beim Laternenumzug<\/p>\n\n\n\n<p><\/p>\n\n\n\n<p><\/p>\n\n\n\n<figure class=\"wp-block-image size-full is-resized\"><a href=\"http:\/\/xn--werderaner-frchtchen-1ec.de\/wp-content\/uploads\/2023\/09\/Bild_Kitastart2.webp\"><img loading=\"lazy\" decoding=\"async\" width=\"1280\" height=\"640\" src=\"http:\/\/xn--werderaner-frchtchen-1ec.de\/wp-content\/uploads\/2023\/09\/Bild_Kitastart2.webp\" alt=\"\" class=\"wp-image-3496\" style=\"width:320px;height:160px\"\/><\/a><\/figure>\n\n\n\n<p>In den nachfolgenden Seiten ist eine Auswahl gr\u00f6\u00dferer Projekte &#8222;Fr\u00fcchte eurer Spenden&#8220; zu finden.<\/p>\n\n\n\n<h3 class=\"wp-block-heading\">Aktuelle Spenden:<\/h3>\n\n\n\n<p><a href=\"https:\/\/werderaner-fruechtchen.de\/?page_id=4025\" data-type=\"page\" data-id=\"4025\">Neue Spielger\u00e4te (2025)<\/a><\/p>\n\n\n\n<p><a href=\"https:\/\/werderaner-fruechtchen.de\/?page_id=3958\" data-type=\"page\" data-id=\"3958\">Weihnachtsmann (2024)<\/a><\/p>\n\n\n\n<p><a href=\"https:\/\/werderaner-fruechtchen.de\/?page_id=3918\" data-type=\"page\" data-id=\"3918\">Neuer Spielturm (2024)<\/a><\/p>\n\n\n\n<p><a href=\"https:\/\/werderaner-fruechtchen.de\/?page_id=3899\" data-type=\"page\" data-id=\"3899\">XXL-Sandspielzeugset (2024)<\/a><\/p>\n\n\n\n<p><a href=\"https:\/\/werderaner-fruechtchen.de\/?page_id=3906\" data-type=\"page\" data-id=\"3906\">Neues Doppeltaxi (2024)<\/a><\/p>\n\n\n\n<p><a href=\"https:\/\/werderaner-fruechtchen.de\/?page_id=3911\" data-type=\"page\" data-id=\"3911\">Neuer Krippenwagen (2024)<\/a><\/p>\n\n\n\n<p><\/p>\n\n\n\n<h3 class=\"wp-block-heading\">Ihr Kind geh\u00f6rt auch zu den Fr\u00fcchtchen? <\/h3>\n\n\n\n<p>Falls Ihnen etwas aufgefallen ist, wie wir die Kita f\u00fcr die Kinder noch sch\u00f6ner machen k\u00f6nnen, dann senden Sie Ihren Vorschlag gern an <a rel=\"noreferrer noopener\" href=\"mailto:info@werderander-fruechtchen.de\" target=\"_blank\">info@werderander-fruechtchen.de<\/a>. <\/p>\n\n\n\n<p><\/p>\n\n\n\n<h3 class=\"wp-block-heading\">Mitglied werden!<\/h3>\n\n\n\n<p>Sie k\u00f6nnen uns auch tatkr\u00e4ftig unterst\u00fctzen, indem Sie ein (aktives) Mitglied im F\u00f6rderverein werden! Es ist ganz <a rel=\"noreferrer noopener\" href=\"http:\/\/werderaner-fr\u00fcchtchen.de\/?page_id=41\" target=\"_blank\">einfach Mitglied zu werden<\/a>.<\/p>\n","protected":false},"excerpt":{"rendered":"<p>Wir sagen Danke! Dank euch hat der F\u00f6rderverein seit 2007 viele verschiedene Projekte der Kita unterst\u00fctzt und f\u00fcr leuchtende Kinderaugen gesorgt. Der Verein finanzierte so z. B. in den letzten Jahren regelm\u00e4\u00dfig: &#8211; Spielger\u00e4te und Spielzeug f\u00fcr den Innen- und Au\u00dfenbereich &#8211; zus\u00e4tzliche Ausstattung wie Spielteppiche, Kuschelecken und mehr &#8211; die Busfahrten der Abschlussfahrten der [&hellip;]<\/p>\n","protected":false},"author":1,"featured_media":0,"parent":0,"menu_order":5,"comment_status":"closed","ping_status":"open","template":"","meta":{"footnotes":""},"class_list":["post-18","page","type-page","status-publish","hentry"],"_links":{"self":[{"href":"https:\/\/werderaner-fruechtchen.de\/index.php?rest_route=\/wp\/v2\/pages\/18","targetHints":{"allow":["GET"]}}],"collection":[{"href":"https:\/\/werderaner-fruechtchen.de\/index.php?rest_route=\/wp\/v2\/pages"}],"about":[{"href":"https:\/\/werderaner-fruechtchen.de\/index.php?rest_route=\/wp\/v2\/types\/page"}],"author":[{"embeddable":true,"href":"https:\/\/werderaner-fruechtchen.de\/index.php?rest_route=\/wp\/v2\/users\/1"}],"replies":[{"embeddable":true,"href":"https:\/\/werderaner-fruechtchen.de\/index.php?rest_route=%2Fwp%2Fv2%2Fcomments&post=18"}],"version-history":[{"count":68,"href":"https:\/\/werderaner-fruechtchen.de\/index.php?rest_route=\/wp\/v2\/pages\/18\/revisions"}],"predecessor-version":[{"id":4160,"href":"https:\/\/werderaner-fruechtchen.de\/index.php?rest_route=\/wp\/v2\/pages\/18\/revisions\/4160"}],"wp:attachment":[{"href":"https:\/\/werderaner-fruechtchen.de\/index.php?rest_route=%2Fwp%2Fv2%2Fmedia&parent=18"}],"curies":[{"name":"wp","href":"https:\/\/api.w.org\/{rel}","templated":true}]}}