{"id":143,"date":"2011-04-04T09:00:42","date_gmt":"2011-04-04T09:00:42","guid":{"rendered":"http:\/\/xn--werderaner-frchtchen-1ec.de\/wordpress\/?page_id=143"},"modified":"2025-05-14T08:24:45","modified_gmt":"2025-05-14T08:24:45","slug":"anmeldung","status":"publish","type":"page","link":"https:\/\/werderaner-fruechtchen.de\/?page_id=143","title":{"rendered":"Anmeldung | Formulare"},"content":{"rendered":"<p style=\"text-align: justify;\">Hier finden Sie wichtige Formulare der Kindertagesst\u00e4tte &#8222;Werderaner Fr\u00fcchtchen&#8220; im PDF-Format. Die ausgef\u00fcllten Formulare lassen Sie bitte der Kita-Leitung zukommen (E-Mail, Briefkasten, Fax oder pers\u00f6nlich).<a href=\"http:\/\/xn--werderaner-frchtchen-1ec.de\/wp-content\/uploads\/2023\/09\/colored-pencils-4031668_1280.jpg\"><img loading=\"lazy\" decoding=\"async\" class=\"alignright size-thumbnail wp-image-3492\" src=\"http:\/\/xn--werderaner-frchtchen-1ec.de\/wp-content\/uploads\/2023\/09\/colored-pencils-4031668_1280-150x150.jpg\" alt=\"\" width=\"150\" height=\"150\" \/><\/a><\/p>\n<ul>\n<li><a title=\"AZN\" href=\"http:\/\/xn--werderaner-frchtchen-1ec.de\/wp-content\/uploads\/2011\/04\/AZN - Eltern.pdf\" target=\"_blank\" rel=\"noopener noreferrer\">Arbeitszeitnachweis Eltern<\/a><\/li>\n<li><a href=\"http:\/\/werderaner-fr\u00fcchtchen.de\/wp-content\/uploads\/2020\/06\/Antrag-auf-Ferienbetreuung-Schlie%C3%9Ftage-2020.pdf\" target=\"_blank\" rel=\"noopener\">Antrag auf Ferienbetreuung, Notbetreuung<\/a><\/li>\n<li><a href=\"http:\/\/xn--werderaner-frchtchen-1ec.de\/wp-content\/uploads\/2012\/09\/Bildungsgeschichten_Infans.pdf\" target=\"_blank\" rel=\"noopener\">Bildungsgeschichten &#8211; infans<\/a><\/li>\n<li><a href=\"http:\/\/xn--werderaner-frchtchen-1ec.de\/wp-content\/uploads\/2025\/05\/Vollmacht-Abholung.pdf\" target=\"_blank\" rel=\"noopener\">Vollmacht Abholung<\/a><\/li>\n<\/ul>\n<p style=\"text-align: justify;\">Zur <strong>Anmeldung f\u00fcr einen Kitaplatz<\/strong> melden Sie sich zentral in der Kitaverwaltung der Stadtverwaltung Werder (Havel) unter der Telefonnummer 03327\/783 308. Hier erfolgt die zentrale Aufnahme. Dort erhalten Sie <a href=\"https:\/\/www.werder-havel.de\/service\/dienstleistungen\/1485-anmeldung-einer-kindertagesstaette-4.html\" target=\"_blank\" rel=\"noopener\">weitere Informationen zum Verfahren<\/a>.<\/p>\n<p style=\"text-align: justify;\">Gern k\u00f6nnen Sie bei Interesse zus\u00e4tzlich z. B. f\u00fcr Besichtigungstermine in Kontakt mit der <a href=\"http:\/\/xn--werderaner-frchtchen-1ec.de\/?page_id=93\">Kita-Leitung der &#8222;Werderaner Fr\u00fcchtchen&#8220;<\/a> treten.<\/p>\n\n\n<p><\/p>\n","protected":false},"excerpt":{"rendered":"<p>Hier finden Sie wichtige Formulare der Kindertagesst\u00e4tte &#8222;Werderaner Fr\u00fcchtchen&#8220; im PDF-Format. Die ausgef\u00fcllten Formulare lassen Sie bitte der Kita-Leitung zukommen (E-Mail, Briefkasten, Fax oder pers\u00f6nlich). Arbeitszeitnachweis Eltern Antrag auf Ferienbetreuung, Notbetreuung Bildungsgeschichten &#8211; infans Vollmacht Abholung Zur Anmeldung f\u00fcr einen Kitaplatz melden Sie sich zentral in der Kitaverwaltung der Stadtverwaltung Werder (Havel) unter der Telefonnummer [&hellip;]<\/p>\n","protected":false},"author":1,"featured_media":0,"parent":11,"menu_order":4,"comment_status":"closed","ping_status":"open","template":"","meta":{"footnotes":""},"class_list":["post-143","page","type-page","status-publish","hentry"],"_links":{"self":[{"href":"https:\/\/werderaner-fruechtchen.de\/index.php?rest_route=\/wp\/v2\/pages\/143","targetHints":{"allow":["GET"]}}],"collection":[{"href":"https:\/\/werderaner-fruechtchen.de\/index.php?rest_route=\/wp\/v2\/pages"}],"about":[{"href":"https:\/\/werderaner-fruechtchen.de\/index.php?rest_route=\/wp\/v2\/types\/page"}],"author":[{"embeddable":true,"href":"https:\/\/werderaner-fruechtchen.de\/index.php?rest_route=\/wp\/v2\/users\/1"}],"replies":[{"embeddable":true,"href":"https:\/\/werderaner-fruechtchen.de\/index.php?rest_route=%2Fwp%2Fv2%2Fcomments&post=143"}],"version-history":[{"count":48,"href":"https:\/\/werderaner-fruechtchen.de\/index.php?rest_route=\/wp\/v2\/pages\/143\/revisions"}],"predecessor-version":[{"id":4056,"href":"https:\/\/werderaner-fruechtchen.de\/index.php?rest_route=\/wp\/v2\/pages\/143\/revisions\/4056"}],"up":[{"embeddable":true,"href":"https:\/\/werderaner-fruechtchen.de\/index.php?rest_route=\/wp\/v2\/pages\/11"}],"wp:attachment":[{"href":"https:\/\/werderaner-fruechtchen.de\/index.php?rest_route=%2Fwp%2Fv2%2Fmedia&parent=143"}],"curies":[{"name":"wp","href":"https:\/\/api.w.org\/{rel}","templated":true}]}}