{"id":11,"date":"2011-04-03T13:00:23","date_gmt":"2011-04-03T13:00:23","guid":{"rendered":"http:\/\/xn--werderaner-frchtchen-1ec.de\/wordpress\/?page_id=11"},"modified":"2024-01-16T19:50:03","modified_gmt":"2024-01-16T19:50:03","slug":"unsere-kita","status":"publish","type":"page","link":"https:\/\/werderaner-fruechtchen.de\/?page_id=11","title":{"rendered":"Unsere Kita"},"content":{"rendered":"<p style=\"text-align: justify;\"><strong><img decoding=\"async\" class=\"alignleft\" src=\"http:\/\/xn--werderaner-frchtchen-1ec.de\/wp-content\/uploads\/images\/Titelbild-Haus2.jpg\" alt=\"\" \/><\/strong><\/p>\n<p style=\"text-align: justify;\"><strong>&#8222;In einem kleinen Apfel&#8230;&#8220;\u00a0<\/strong><\/p>\n<p style=\"text-align: justify;\"><strong>Liebe Eltern, Omas, Opas, Tanten, Onkel und Interessierte!<\/strong><\/p>\n<p style=\"text-align: justify;\">Nicht nur zur Baumbl\u00fcte dreht sich in unserer sch\u00f6nen\u00a0Stadt Werder an der Havel vieles um\u00a0Obst: Unsere st\u00e4dtische\u00a0 Kindertagesst\u00e4tte tr\u00e4gt passend dazu den Namen <span style=\"color: #339966;\">&#8222;<strong>Werderaner Fr\u00fcchtchen<\/strong>&#8222;.<\/span><\/p>\n<p><strong><span style=\"color: #339966;\"><a href=\"http:\/\/xn--werderaner-frchtchen-1ec.de\/wp-content\/uploads\/2023\/07\/Logo_Kita.jpg\"><img loading=\"lazy\" decoding=\"async\" class=\"wp-image-3352 alignright\" src=\"http:\/\/xn--werderaner-frchtchen-1ec.de\/wp-content\/uploads\/2023\/07\/Logo_Kita-300x300.jpg\" alt=\"\" width=\"153\" height=\"153\" srcset=\"https:\/\/werderaner-fruechtchen.de\/wp-content\/uploads\/2023\/07\/Logo_Kita-300x300.jpg 300w, https:\/\/werderaner-fruechtchen.de\/wp-content\/uploads\/2023\/07\/Logo_Kita-1024x1024.jpg 1024w, https:\/\/werderaner-fruechtchen.de\/wp-content\/uploads\/2023\/07\/Logo_Kita-150x150.jpg 150w, https:\/\/werderaner-fruechtchen.de\/wp-content\/uploads\/2023\/07\/Logo_Kita-768x768.jpg 768w, https:\/\/werderaner-fruechtchen.de\/wp-content\/uploads\/2023\/07\/Logo_Kita-1536x1536.jpg 1536w, https:\/\/werderaner-fruechtchen.de\/wp-content\/uploads\/2023\/07\/Logo_Kita.jpg 1600w\" sizes=\"auto, (max-width: 153px) 100vw, 153px\" \/><\/a><\/span><\/strong><\/p>\n<p style=\"text-align: justify;\">Mehr als 200 kleine &#8222;Fr\u00fcchtchen&#8220; werden verteilt auf zwei H\u00e4user in Gruppen mit den Namen\u00a0<strong>Pfirsichbl\u00fcten, Erdbeeren, Sanddornperlen, Stachelbeeren, S\u00fc\u00dfe \u00c4pfel, Himbeeren, Blaubeeren, Weintrauben und Sauerkirschen<\/strong> betreut.<\/p>\n<p>\u00a0Auf diesen Seiten stellen wir Ihnen unsere Kindertagesst\u00e4tte vor.<\/p>\n<p style=\"text-align: justify;\"><img loading=\"lazy\" decoding=\"async\" class=\"alignleft\" src=\"http:\/\/xn--werderaner-frchtchen-1ec.de\/wp-content\/uploads\/images\/Titelbild-Unsere Kita.jpg\" alt=\"\" width=\"112\" height=\"150\" \/>Die <span style=\"color: #00ff00;\"><strong>aktuellen Termine der Kita\u00a0<\/strong><\/span> finden Sie <strong><a href=\"http:\/\/xn--werderaner-frchtchen-1ec.de\/wp-content\/uploads\/2023\/11\/Termine-Kita-Schliesszeiten-2024-1.pdf\" target=\"_blank\" rel=\"noopener\">Hier<\/a><\/strong><\/p>\n<p style=\"text-align: justify;\">Bitte kontaktieren Sie die Leitung der Kita falls Sie Fragen haben oder an der Anmeldung Ihres Kindes interessiert sind.<\/p>\n<p style=\"text-align: justify;\">Die Kontaktdaten finden Sie <a href=\"http:\/\/xn--werderaner-frchtchen-1ec.de\/?page_id=93\"><strong>hier&#8230;<\/strong><\/a><\/p>\n<p style=\"text-align: justify;\">\n","protected":false},"excerpt":{"rendered":"<p>&#8222;In einem kleinen Apfel&#8230;&#8220;\u00a0 Liebe Eltern, Omas, Opas, Tanten, Onkel und Interessierte! Nicht nur zur Baumbl\u00fcte dreht sich in unserer sch\u00f6nen\u00a0Stadt Werder an der Havel vieles um\u00a0Obst: Unsere st\u00e4dtische\u00a0 Kindertagesst\u00e4tte tr\u00e4gt passend dazu den Namen &#8222;Werderaner Fr\u00fcchtchen&#8222;. Mehr als 200 kleine &#8222;Fr\u00fcchtchen&#8220; werden verteilt auf zwei H\u00e4user in Gruppen mit den Namen\u00a0Pfirsichbl\u00fcten, Erdbeeren, Sanddornperlen, Stachelbeeren, [&hellip;]<\/p>\n","protected":false},"author":1,"featured_media":0,"parent":0,"menu_order":0,"comment_status":"closed","ping_status":"open","template":"","meta":{"footnotes":""},"class_list":["post-11","page","type-page","status-publish","hentry"],"_links":{"self":[{"href":"https:\/\/werderaner-fruechtchen.de\/index.php?rest_route=\/wp\/v2\/pages\/11","targetHints":{"allow":["GET"]}}],"collection":[{"href":"https:\/\/werderaner-fruechtchen.de\/index.php?rest_route=\/wp\/v2\/pages"}],"about":[{"href":"https:\/\/werderaner-fruechtchen.de\/index.php?rest_route=\/wp\/v2\/types\/page"}],"author":[{"embeddable":true,"href":"https:\/\/werderaner-fruechtchen.de\/index.php?rest_route=\/wp\/v2\/users\/1"}],"replies":[{"embeddable":true,"href":"https:\/\/werderaner-fruechtchen.de\/index.php?rest_route=%2Fwp%2Fv2%2Fcomments&post=11"}],"version-history":[{"count":104,"href":"https:\/\/werderaner-fruechtchen.de\/index.php?rest_route=\/wp\/v2\/pages\/11\/revisions"}],"predecessor-version":[{"id":3675,"href":"https:\/\/werderaner-fruechtchen.de\/index.php?rest_route=\/wp\/v2\/pages\/11\/revisions\/3675"}],"wp:attachment":[{"href":"https:\/\/werderaner-fruechtchen.de\/index.php?rest_route=%2Fwp%2Fv2%2Fmedia&parent=11"}],"curies":[{"name":"wp","href":"https:\/\/api.w.org\/{rel}","templated":true}]}}